{"id":7386,"date":"2025-04-04T06:47:12","date_gmt":"2025-04-04T06:47:12","guid":{"rendered":"https:\/\/aniradar.com\/?page_id=7386"},"modified":"2025-04-04T07:52:23","modified_gmt":"2025-04-04T07:52:23","slug":"performing-projects-at-the-permanent-address-of-our-endeavor-score-11","status":"publish","type":"page","link":"https:\/\/aniradar.com\/index.php\/performing-projects-at-the-permanent-address-of-our-endeavor-score-11\/","title":{"rendered":"Performing-PERMANENT ADDRESS-Score-11"},"content":{"rendered":"\t\t<div data-elementor-type=\"wp-page\" data-elementor-id=\"7386\" class=\"elementor elementor-7386\" data-elementor-post-type=\"page\">\n\t\t\t\t\t\t<section class=\"elementor-section elementor-top-section elementor-element elementor-element-1ede018 elementor-section-boxed elementor-section-height-default elementor-section-height-default\" data-id=\"1ede018\" data-element_type=\"section\" data-e-type=\"section\">\n\t\t\t\t\t\t<div class=\"elementor-container elementor-column-gap-default\">\n\t\t\t\t\t<div class=\"elementor-column elementor-col-50 elementor-top-column elementor-element elementor-element-cdfd34a\" data-id=\"cdfd34a\" data-element_type=\"column\" data-e-type=\"column\" data-settings=\"{&quot;background_background&quot;:&quot;classic&quot;}\">\n\t\t\t<div class=\"elementor-widget-wrap elementor-element-populated\">\n\t\t\t\t\t\t<div class=\"elementor-element elementor-element-a54300d elementor-widget__width-initial elementor-widget elementor-widget-text-editor\" data-id=\"a54300d\" data-element_type=\"widget\" data-e-type=\"widget\" data-widget_type=\"text-editor.default\">\n\t\t\t\t<div class=\"elementor-widget-container\">\n\t\t\t\t\t\t\t\t\t<p>Score No.11:<\/p><p>MADE OF VIEWS<\/p>\t\t\t\t\t\t\t\t<\/div>\n\t\t\t\t<\/div>\n\t\t\t\t\t<\/div>\n\t\t<\/div>\n\t\t\t\t<div class=\"elementor-column elementor-col-50 elementor-top-column elementor-element elementor-element-2762bb3\" data-id=\"2762bb3\" data-element_type=\"column\" data-e-type=\"column\" data-settings=\"{&quot;background_background&quot;:&quot;classic&quot;}\">\n\t\t\t<div class=\"elementor-widget-wrap elementor-element-populated\">\n\t\t\t\t\t\t<div class=\"elementor-element elementor-element-d6a009e elementor-widget__width-initial elementor-widget elementor-widget-image\" data-id=\"d6a009e\" data-element_type=\"widget\" data-e-type=\"widget\" data-widget_type=\"image.default\">\n\t\t\t\t<div class=\"elementor-widget-container\">\n\t\t\t\t\t\t\t\t\t\t\t\t\t\t\t<img fetchpriority=\"high\" decoding=\"async\" width=\"800\" height=\"240\" src=\"https:\/\/aniradar.com\/wp-content\/uploads\/2025\/04\/tobacna.jpg\" class=\"attachment-large size-large wp-image-7388\" alt=\"\" srcset=\"https:\/\/aniradar.com\/wp-content\/uploads\/2025\/04\/tobacna.jpg 1000w, https:\/\/aniradar.com\/wp-content\/uploads\/2025\/04\/tobacna-300x90.jpg 300w, https:\/\/aniradar.com\/wp-content\/uploads\/2025\/04\/tobacna-768x230.jpg 768w\" sizes=\"(max-width: 800px) 100vw, 800px\" \/>\t\t\t\t\t\t\t\t\t\t\t\t\t\t\t<\/div>\n\t\t\t\t<\/div>\n\t\t\t\t\t<\/div>\n\t\t<\/div>\n\t\t\t\t\t<\/div>\n\t\t<\/section>\n\t\t\t\t<section class=\"elementor-section elementor-top-section elementor-element elementor-element-ea460c6 elementor-section-boxed elementor-section-height-default elementor-section-height-default\" data-id=\"ea460c6\" data-element_type=\"section\" data-e-type=\"section\" data-settings=\"{&quot;background_background&quot;:&quot;classic&quot;}\">\n\t\t\t\t\t\t\t<div class=\"elementor-background-overlay\"><\/div>\n\t\t\t\t\t\t\t<div class=\"elementor-container elementor-column-gap-default\">\n\t\t\t\t\t<div class=\"elementor-column elementor-col-100 elementor-top-column elementor-element elementor-element-957ab30\" data-id=\"957ab30\" data-element_type=\"column\" data-e-type=\"column\" data-settings=\"{&quot;background_background&quot;:&quot;classic&quot;}\">\n\t\t\t<div class=\"elementor-widget-wrap elementor-element-populated\">\n\t\t\t\t\t\t<div class=\"elementor-element elementor-element-5a04fb8 elementor-widget elementor-widget-text-editor\" data-id=\"5a04fb8\" data-element_type=\"widget\" data-e-type=\"widget\" data-widget_type=\"text-editor.default\">\n\t\t\t\t<div class=\"elementor-widget-container\">\n\t\t\t\t\t\t\t\t\t<p>THE SCORE<\/p><p>Usually, the performers would first create and then let others observe the created. This score turns the procedure around: observation IS the creating act.<\/p><p>The performers find their spot in the space and observe a composition of two chairs and a table. At a first glance, the setting is emptied of subjects and<\/p><p>events. Yet, these gradually reveal and emerge out of \u201cdead objects\u201d, as the performers (well, \u201canti-performers\u201d) observe the angels of chairs, distances<\/p><p>between them, different types, juxtaposition with other objects in space, etc., and try to figure out what subjects \u201csit\u201d there \u2013 in their invisible presence,<\/p><p>mediated through spatial traces. How many subjects are there? Of what gender? What is their relation? What is the context? What is going on, what are<\/p><p>they talking about? Are they talking right now? What is the dynamic, the atmosphere between them? How do they feel? \u2026 After a while, the observers<\/p><p>proceed in stages, by slightly changing the beginning composition \u2013 first changing an angle of one chair, observe again; then changing another<\/p><p>spatial element, observe; and so on. The tiniest variations give rise to so many different stories. The stories of the reading and meaning-making.<\/p><p>The stories of mixed-agency between man and objects.<\/p>\t\t\t\t\t\t\t\t<\/div>\n\t\t\t\t<\/div>\n\t\t\t\t\t<\/div>\n\t\t<\/div>\n\t\t\t\t\t<\/div>\n\t\t<\/section>\n\t\t\t\t<section class=\"elementor-section elementor-top-section elementor-element elementor-element-b53ba1a elementor-section-boxed elementor-section-height-default elementor-section-height-default\" data-id=\"b53ba1a\" data-element_type=\"section\" data-e-type=\"section\">\n\t\t\t\t\t\t<div class=\"elementor-container elementor-column-gap-default\">\n\t\t\t\t\t<div class=\"elementor-column elementor-col-100 elementor-top-column elementor-element elementor-element-3e606ac\" data-id=\"3e606ac\" data-element_type=\"column\" data-e-type=\"column\" data-settings=\"{&quot;background_background&quot;:&quot;classic&quot;}\">\n\t\t\t<div class=\"elementor-widget-wrap elementor-element-populated\">\n\t\t\t\t\t\t<div class=\"elementor-element elementor-element-3e43131 elementor-widget elementor-widget-gallery\" data-id=\"3e43131\" data-element_type=\"widget\" data-e-type=\"widget\" data-settings=\"{&quot;columns&quot;:5,&quot;aspect_ratio&quot;:&quot;4:3&quot;,&quot;gallery_layout&quot;:&quot;grid&quot;,&quot;columns_tablet&quot;:2,&quot;columns_mobile&quot;:1,&quot;gap&quot;:{&quot;unit&quot;:&quot;px&quot;,&quot;size&quot;:10,&quot;sizes&quot;:[]},&quot;gap_tablet&quot;:{&quot;unit&quot;:&quot;px&quot;,&quot;size&quot;:10,&quot;sizes&quot;:[]},&quot;gap_mobile&quot;:{&quot;unit&quot;:&quot;px&quot;,&quot;size&quot;:10,&quot;sizes&quot;:[]},&quot;link_to&quot;:&quot;file&quot;,&quot;overlay_background&quot;:&quot;yes&quot;,&quot;content_hover_animation&quot;:&quot;fade-in&quot;}\" data-widget_type=\"gallery.default\">\n\t\t\t\t<div class=\"elementor-widget-container\">\n\t\t\t\t\t\t\t\t<div class=\"elementor-gallery__titles-container e--pointer-none\" aria-label=\"Gallery filter\">\n\t\t\t\t\n\t\t\t\t\t\t\t\t\t<a class=\"elementor-item elementor-gallery-title\" role=\"button\" tabindex=\"0\" data-gallery-index=\"0\">\n\t\t\t\t\t\t\t\t\t\t\t<\/a>\n\t\t\t\t\t\t\t\t<\/div>\n\t\t\t\t\t<div class=\"elementor-gallery__container\">\n\t\t\t\t\t\t\t<a class=\"e-gallery-item elementor-gallery-item elementor-animated-content\" data-e-gallery-tags=\"0\" href=\"https:\/\/aniradar.com\/wp-content\/uploads\/2025\/04\/DSC_5718-scaled.jpg\" data-elementor-open-lightbox=\"yes\" data-elementor-lightbox-slideshow=\"3e43131\" data-elementor-lightbox-title=\"DSC_5718\" data-e-action-hash=\"#elementor-action%3Aaction%3Dlightbox%26settings%3DeyJpZCI6NzM5NSwidXJsIjoiaHR0cHM6XC9cL2FuaXJhZGFyLmNvbVwvd3AtY29udGVudFwvdXBsb2Fkc1wvMjAyNVwvMDRcL0RTQ181NzE4LXNjYWxlZC5qcGciLCJzbGlkZXNob3ciOiIzZTQzMTMxIn0%3D\">\n\t\t\t\t\t<div class=\"e-gallery-image elementor-gallery-item__image\" data-thumbnail=\"https:\/\/aniradar.com\/wp-content\/uploads\/2025\/04\/DSC_5718-1024x680.jpg\" data-width=\"800\" data-height=\"531\" aria-label=\"\" role=\"img\" ><\/div>\n\t\t\t\t\t\t\t\t\t\t\t<div class=\"elementor-gallery-item__overlay\"><\/div>\n\t\t\t\t\t\t\t\t\t\t\t\t\t\t<\/a>\n\t\t\t\t\t\t\t<a class=\"e-gallery-item elementor-gallery-item elementor-animated-content\" data-e-gallery-tags=\"0\" href=\"https:\/\/aniradar.com\/wp-content\/uploads\/2025\/04\/DSC_5711-scaled.jpg\" data-elementor-open-lightbox=\"yes\" data-elementor-lightbox-slideshow=\"3e43131\" data-elementor-lightbox-title=\"DSC_5711\" data-e-action-hash=\"#elementor-action%3Aaction%3Dlightbox%26settings%3DeyJpZCI6NzM4OSwidXJsIjoiaHR0cHM6XC9cL2FuaXJhZGFyLmNvbVwvd3AtY29udGVudFwvdXBsb2Fkc1wvMjAyNVwvMDRcL0RTQ181NzExLXNjYWxlZC5qcGciLCJzbGlkZXNob3ciOiIzZTQzMTMxIn0%3D\">\n\t\t\t\t\t<div class=\"e-gallery-image elementor-gallery-item__image\" data-thumbnail=\"https:\/\/aniradar.com\/wp-content\/uploads\/2025\/04\/DSC_5711-1024x680.jpg\" data-width=\"800\" data-height=\"531\" aria-label=\"\" role=\"img\" ><\/div>\n\t\t\t\t\t\t\t\t\t\t\t<div class=\"elementor-gallery-item__overlay\"><\/div>\n\t\t\t\t\t\t\t\t\t\t\t\t\t\t<\/a>\n\t\t\t\t\t\t\t<a class=\"e-gallery-item elementor-gallery-item elementor-animated-content\" data-e-gallery-tags=\"0\" href=\"https:\/\/aniradar.com\/wp-content\/uploads\/2025\/04\/DSC_5713-scaled.jpg\" data-elementor-open-lightbox=\"yes\" data-elementor-lightbox-slideshow=\"3e43131\" data-elementor-lightbox-title=\"DSC_5713\" data-e-action-hash=\"#elementor-action%3Aaction%3Dlightbox%26settings%3DeyJpZCI6NzM5MSwidXJsIjoiaHR0cHM6XC9cL2FuaXJhZGFyLmNvbVwvd3AtY29udGVudFwvdXBsb2Fkc1wvMjAyNVwvMDRcL0RTQ181NzEzLXNjYWxlZC5qcGciLCJzbGlkZXNob3ciOiIzZTQzMTMxIn0%3D\">\n\t\t\t\t\t<div class=\"e-gallery-image elementor-gallery-item__image\" data-thumbnail=\"https:\/\/aniradar.com\/wp-content\/uploads\/2025\/04\/DSC_5713-1024x680.jpg\" data-width=\"800\" data-height=\"531\" aria-label=\"\" role=\"img\" ><\/div>\n\t\t\t\t\t\t\t\t\t\t\t<div class=\"elementor-gallery-item__overlay\"><\/div>\n\t\t\t\t\t\t\t\t\t\t\t\t\t\t<\/a>\n\t\t\t\t\t\t\t<a class=\"e-gallery-item elementor-gallery-item elementor-animated-content\" data-e-gallery-tags=\"0\" href=\"https:\/\/aniradar.com\/wp-content\/uploads\/2025\/04\/DSC_5712-scaled.jpg\" data-elementor-open-lightbox=\"yes\" data-elementor-lightbox-slideshow=\"3e43131\" data-elementor-lightbox-title=\"DSC_5712\" data-e-action-hash=\"#elementor-action%3Aaction%3Dlightbox%26settings%3DeyJpZCI6NzM5MCwidXJsIjoiaHR0cHM6XC9cL2FuaXJhZGFyLmNvbVwvd3AtY29udGVudFwvdXBsb2Fkc1wvMjAyNVwvMDRcL0RTQ181NzEyLXNjYWxlZC5qcGciLCJzbGlkZXNob3ciOiIzZTQzMTMxIn0%3D\">\n\t\t\t\t\t<div class=\"e-gallery-image elementor-gallery-item__image\" data-thumbnail=\"https:\/\/aniradar.com\/wp-content\/uploads\/2025\/04\/DSC_5712-1024x680.jpg\" data-width=\"800\" data-height=\"531\" aria-label=\"\" role=\"img\" ><\/div>\n\t\t\t\t\t\t\t\t\t\t\t<div class=\"elementor-gallery-item__overlay\"><\/div>\n\t\t\t\t\t\t\t\t\t\t\t\t\t\t<\/a>\n\t\t\t\t\t\t\t<a class=\"e-gallery-item elementor-gallery-item elementor-animated-content\" data-e-gallery-tags=\"0\" href=\"https:\/\/aniradar.com\/wp-content\/uploads\/2025\/04\/DSC_5714-scaled.jpg\" data-elementor-open-lightbox=\"yes\" data-elementor-lightbox-slideshow=\"3e43131\" data-elementor-lightbox-title=\"DSC_5714\" data-e-action-hash=\"#elementor-action%3Aaction%3Dlightbox%26settings%3DeyJpZCI6NzM5MiwidXJsIjoiaHR0cHM6XC9cL2FuaXJhZGFyLmNvbVwvd3AtY29udGVudFwvdXBsb2Fkc1wvMjAyNVwvMDRcL0RTQ181NzE0LXNjYWxlZC5qcGciLCJzbGlkZXNob3ciOiIzZTQzMTMxIn0%3D\">\n\t\t\t\t\t<div class=\"e-gallery-image elementor-gallery-item__image\" data-thumbnail=\"https:\/\/aniradar.com\/wp-content\/uploads\/2025\/04\/DSC_5714-1024x680.jpg\" data-width=\"800\" data-height=\"531\" aria-label=\"\" role=\"img\" ><\/div>\n\t\t\t\t\t\t\t\t\t\t\t<div class=\"elementor-gallery-item__overlay\"><\/div>\n\t\t\t\t\t\t\t\t\t\t\t\t\t\t<\/a>\n\t\t\t\t\t\t\t<a class=\"e-gallery-item elementor-gallery-item elementor-animated-content\" data-e-gallery-tags=\"0\" href=\"https:\/\/aniradar.com\/wp-content\/uploads\/2025\/04\/DSC_5715-scaled.jpg\" data-elementor-open-lightbox=\"yes\" data-elementor-lightbox-slideshow=\"3e43131\" data-elementor-lightbox-title=\"DSC_5715\" data-e-action-hash=\"#elementor-action%3Aaction%3Dlightbox%26settings%3DeyJpZCI6NzM5MywidXJsIjoiaHR0cHM6XC9cL2FuaXJhZGFyLmNvbVwvd3AtY29udGVudFwvdXBsb2Fkc1wvMjAyNVwvMDRcL0RTQ181NzE1LXNjYWxlZC5qcGciLCJzbGlkZXNob3ciOiIzZTQzMTMxIn0%3D\">\n\t\t\t\t\t<div class=\"e-gallery-image elementor-gallery-item__image\" data-thumbnail=\"https:\/\/aniradar.com\/wp-content\/uploads\/2025\/04\/DSC_5715-1024x680.jpg\" data-width=\"800\" data-height=\"531\" aria-label=\"\" role=\"img\" ><\/div>\n\t\t\t\t\t\t\t\t\t\t\t<div class=\"elementor-gallery-item__overlay\"><\/div>\n\t\t\t\t\t\t\t\t\t\t\t\t\t\t<\/a>\n\t\t\t\t\t\t\t<a class=\"e-gallery-item elementor-gallery-item elementor-animated-content\" data-e-gallery-tags=\"0\" href=\"https:\/\/aniradar.com\/wp-content\/uploads\/2025\/04\/DSC_5716-scaled.jpg\" data-elementor-open-lightbox=\"yes\" data-elementor-lightbox-slideshow=\"3e43131\" data-elementor-lightbox-title=\"DSC_5716\" data-e-action-hash=\"#elementor-action%3Aaction%3Dlightbox%26settings%3DeyJpZCI6NzM5NCwidXJsIjoiaHR0cHM6XC9cL2FuaXJhZGFyLmNvbVwvd3AtY29udGVudFwvdXBsb2Fkc1wvMjAyNVwvMDRcL0RTQ181NzE2LXNjYWxlZC5qcGciLCJzbGlkZXNob3ciOiIzZTQzMTMxIn0%3D\">\n\t\t\t\t\t<div class=\"e-gallery-image elementor-gallery-item__image\" data-thumbnail=\"https:\/\/aniradar.com\/wp-content\/uploads\/2025\/04\/DSC_5716-1024x680.jpg\" data-width=\"800\" data-height=\"531\" aria-label=\"\" role=\"img\" ><\/div>\n\t\t\t\t\t\t\t\t\t\t\t<div class=\"elementor-gallery-item__overlay\"><\/div>\n\t\t\t\t\t\t\t\t\t\t\t\t\t\t<\/a>\n\t\t\t\t\t\t\t<a class=\"e-gallery-item elementor-gallery-item elementor-animated-content\" data-e-gallery-tags=\"0\" href=\"https:\/\/aniradar.com\/wp-content\/uploads\/2025\/04\/DSC_5725.JPG-scaled.jpg\" data-elementor-open-lightbox=\"yes\" data-elementor-lightbox-slideshow=\"3e43131\" data-elementor-lightbox-title=\"DSC_5725.JPG\" data-e-action-hash=\"#elementor-action%3Aaction%3Dlightbox%26settings%3DeyJpZCI6NzM5NywidXJsIjoiaHR0cHM6XC9cL2FuaXJhZGFyLmNvbVwvd3AtY29udGVudFwvdXBsb2Fkc1wvMjAyNVwvMDRcL0RTQ181NzI1LkpQRy1zY2FsZWQuanBnIiwic2xpZGVzaG93IjoiM2U0MzEzMSJ9\">\n\t\t\t\t\t<div class=\"e-gallery-image elementor-gallery-item__image\" data-thumbnail=\"https:\/\/aniradar.com\/wp-content\/uploads\/2025\/04\/DSC_5725.JPG-718x1024.jpg\" data-width=\"718\" data-height=\"1024\" aria-label=\"\" role=\"img\" ><\/div>\n\t\t\t\t\t\t\t\t\t\t\t<div class=\"elementor-gallery-item__overlay\"><\/div>\n\t\t\t\t\t\t\t\t\t\t\t\t\t\t<\/a>\n\t\t\t\t\t\t\t<a class=\"e-gallery-item elementor-gallery-item elementor-animated-content\" data-e-gallery-tags=\"0\" href=\"https:\/\/aniradar.com\/wp-content\/uploads\/2025\/04\/DSC_5720-scaled.jpg\" data-elementor-open-lightbox=\"yes\" data-elementor-lightbox-slideshow=\"3e43131\" data-elementor-lightbox-title=\"DSC_5720\" data-e-action-hash=\"#elementor-action%3Aaction%3Dlightbox%26settings%3DeyJpZCI6NzM5NiwidXJsIjoiaHR0cHM6XC9cL2FuaXJhZGFyLmNvbVwvd3AtY29udGVudFwvdXBsb2Fkc1wvMjAyNVwvMDRcL0RTQ181NzIwLXNjYWxlZC5qcGciLCJzbGlkZXNob3ciOiIzZTQzMTMxIn0%3D\">\n\t\t\t\t\t<div class=\"e-gallery-image elementor-gallery-item__image\" data-thumbnail=\"https:\/\/aniradar.com\/wp-content\/uploads\/2025\/04\/DSC_5720-1024x680.jpg\" data-width=\"800\" data-height=\"531\" aria-label=\"\" role=\"img\" ><\/div>\n\t\t\t\t\t\t\t\t\t\t\t<div class=\"elementor-gallery-item__overlay\"><\/div>\n\t\t\t\t\t\t\t\t\t\t\t\t\t\t<\/a>\n\t\t\t\t\t\t\t<a class=\"e-gallery-item elementor-gallery-item elementor-animated-content\" data-e-gallery-tags=\"0\" href=\"https:\/\/aniradar.com\/wp-content\/uploads\/2025\/04\/DSC_5728-scaled.jpg\" data-elementor-open-lightbox=\"yes\" data-elementor-lightbox-slideshow=\"3e43131\" data-elementor-lightbox-title=\"DSC_5728\" data-e-action-hash=\"#elementor-action%3Aaction%3Dlightbox%26settings%3DeyJpZCI6NzM5OCwidXJsIjoiaHR0cHM6XC9cL2FuaXJhZGFyLmNvbVwvd3AtY29udGVudFwvdXBsb2Fkc1wvMjAyNVwvMDRcL0RTQ181NzI4LXNjYWxlZC5qcGciLCJzbGlkZXNob3ciOiIzZTQzMTMxIn0%3D\">\n\t\t\t\t\t<div class=\"e-gallery-image elementor-gallery-item__image\" data-thumbnail=\"https:\/\/aniradar.com\/wp-content\/uploads\/2025\/04\/DSC_5728-1024x680.jpg\" data-width=\"800\" data-height=\"531\" aria-label=\"\" role=\"img\" ><\/div>\n\t\t\t\t\t\t\t\t\t\t\t<div class=\"elementor-gallery-item__overlay\"><\/div>\n\t\t\t\t\t\t\t\t\t\t\t\t\t\t<\/a>\n\t\t\t\t\t<\/div>\n\t\t\t\t\t<\/div>\n\t\t\t\t<\/div>\n\t\t\t\t\t<\/div>\n\t\t<\/div>\n\t\t\t\t\t<\/div>\n\t\t<\/section>\n\t\t\t\t<section class=\"elementor-section elementor-top-section elementor-element elementor-element-482e00d elementor-section-boxed elementor-section-height-default elementor-section-height-default\" data-id=\"482e00d\" data-element_type=\"section\" data-e-type=\"section\">\n\t\t\t\t\t\t<div class=\"elementor-container elementor-column-gap-default\">\n\t\t\t\t\t<div class=\"elementor-column elementor-col-100 elementor-top-column elementor-element elementor-element-e731c92\" data-id=\"e731c92\" data-element_type=\"column\" data-e-type=\"column\">\n\t\t\t<div class=\"elementor-widget-wrap elementor-element-populated\">\n\t\t\t\t\t\t<div class=\"elementor-element elementor-element-049c786 elementor-widget__width-initial elementor-widget elementor-widget-text-editor\" data-id=\"049c786\" data-element_type=\"widget\" data-e-type=\"widget\" data-widget_type=\"text-editor.default\">\n\t\t\t\t<div class=\"elementor-widget-container\">\n\t\t\t\t\t\t\t\t\t<p><strong>Concept of the project:<\/strong> Radharani Pernar\u010di\u010d<\/p><p><strong>Co-authors of the Score &amp; performers: <\/strong>Sre\u010dko Jor\u0161 (Gregor Kamnikar), Radharani Pernar\u010di\u010d<\/p>\t\t\t\t\t\t\t\t<\/div>\n\t\t\t\t<\/div>\n\t\t\t\t\t<\/div>\n\t\t<\/div>\n\t\t\t\t\t<\/div>\n\t\t<\/section>\n\t\t\t\t<\/div>\n\t\t","protected":false},"excerpt":{"rendered":"<p>Score No.11: MADE OF VIEWS THE SCORE Usually, the performers would first create and then let others observe the created. This score turns the procedure around: observation IS the creating act. The performers find their spot in the space and observe a composition of two chairs and a table. At a first glance, the setting [&hellip;]<\/p>\n","protected":false},"author":1,"featured_media":0,"parent":0,"menu_order":0,"comment_status":"closed","ping_status":"closed","template":"","meta":{"footnotes":""},"class_list":["post-7386","page","type-page","status-publish","hentry"],"_links":{"self":[{"href":"https:\/\/aniradar.com\/index.php\/wp-json\/wp\/v2\/pages\/7386","targetHints":{"allow":["GET"]}}],"collection":[{"href":"https:\/\/aniradar.com\/index.php\/wp-json\/wp\/v2\/pages"}],"about":[{"href":"https:\/\/aniradar.com\/index.php\/wp-json\/wp\/v2\/types\/page"}],"author":[{"embeddable":true,"href":"https:\/\/aniradar.com\/index.php\/wp-json\/wp\/v2\/users\/1"}],"replies":[{"embeddable":true,"href":"https:\/\/aniradar.com\/index.php\/wp-json\/wp\/v2\/comments?post=7386"}],"version-history":[{"count":10,"href":"https:\/\/aniradar.com\/index.php\/wp-json\/wp\/v2\/pages\/7386\/revisions"}],"predecessor-version":[{"id":7408,"href":"https:\/\/aniradar.com\/index.php\/wp-json\/wp\/v2\/pages\/7386\/revisions\/7408"}],"wp:attachment":[{"href":"https:\/\/aniradar.com\/index.php\/wp-json\/wp\/v2\/media?parent=7386"}],"curies":[{"name":"wp","href":"https:\/\/api.w.org\/{rel}","templated":true}]}}