{"id":6895,"date":"2025-03-16T19:52:22","date_gmt":"2025-03-16T19:52:22","guid":{"rendered":"https:\/\/aniradar.com\/?page_id=6895"},"modified":"2026-02-16T16:53:38","modified_gmt":"2026-02-16T16:53:38","slug":"performing-projects-performances-instalations-a-catalogue-of-comfort-intervention-x","status":"publish","type":"page","link":"https:\/\/aniradar.com\/index.php\/performing-projects-performances-instalations-a-catalogue-of-comfort-intervention-x\/","title":{"rendered":"Performing-INSTALATIONS-KATALOG-Intevencija-x"},"content":{"rendered":"\t\t<div data-elementor-type=\"wp-page\" data-elementor-id=\"6895\" class=\"elementor elementor-6895\" data-elementor-post-type=\"page\">\n\t\t\t\t\t\t<section class=\"elementor-section elementor-top-section elementor-element elementor-element-06102c9 elementor-section-boxed elementor-section-height-default elementor-section-height-default\" data-id=\"06102c9\" data-element_type=\"section\" data-e-type=\"section\">\n\t\t\t\t\t\t<div class=\"elementor-container elementor-column-gap-default\">\n\t\t\t\t\t<div class=\"elementor-column elementor-col-50 elementor-top-column elementor-element elementor-element-e6fb971\" data-id=\"e6fb971\" data-element_type=\"column\" data-e-type=\"column\" data-settings=\"{&quot;background_background&quot;:&quot;classic&quot;}\">\n\t\t\t<div class=\"elementor-widget-wrap elementor-element-populated\">\n\t\t\t\t\t\t<div class=\"elementor-element elementor-element-a294c7a elementor-widget__width-initial elementor-widget elementor-widget-text-editor\" data-id=\"a294c7a\" data-element_type=\"widget\" data-e-type=\"widget\" data-widget_type=\"text-editor.default\">\n\t\t\t\t<div class=\"elementor-widget-container\">\n\t\t\t\t\t\t\t\t\t<p>Intervention X:<\/p>\n<p>&nbsp;BY THE WAY &#8211; PLEASE REFILL<\/p>\t\t\t\t\t\t\t\t<\/div>\n\t\t\t\t<\/div>\n\t\t\t\t\t<\/div>\n\t\t<\/div>\n\t\t\t\t<div class=\"elementor-column elementor-col-50 elementor-top-column elementor-element elementor-element-46533c3\" data-id=\"46533c3\" data-element_type=\"column\" data-e-type=\"column\" data-settings=\"{&quot;background_background&quot;:&quot;classic&quot;}\">\n\t\t\t<div class=\"elementor-widget-wrap elementor-element-populated\">\n\t\t\t\t\t\t<div class=\"elementor-element elementor-element-501882d elementor-widget__width-initial elementor-widget elementor-widget-image\" data-id=\"501882d\" data-element_type=\"widget\" data-e-type=\"widget\" data-widget_type=\"image.default\">\n\t\t\t\t<div class=\"elementor-widget-container\">\n\t\t\t\t\t\t\t\t\t\t\t\t\t\t\t<img fetchpriority=\"high\" decoding=\"async\" width=\"800\" height=\"240\" src=\"https:\/\/aniradar.com\/wp-content\/uploads\/2025\/03\/Katalog-IntervencijaX.bjpg_.jpg\" class=\"attachment-large size-large wp-image-6932\" alt=\"\" srcset=\"https:\/\/aniradar.com\/wp-content\/uploads\/2025\/03\/Katalog-IntervencijaX.bjpg_.jpg 1000w, https:\/\/aniradar.com\/wp-content\/uploads\/2025\/03\/Katalog-IntervencijaX.bjpg_-300x90.jpg 300w, https:\/\/aniradar.com\/wp-content\/uploads\/2025\/03\/Katalog-IntervencijaX.bjpg_-768x230.jpg 768w\" sizes=\"(max-width: 800px) 100vw, 800px\" \/>\t\t\t\t\t\t\t\t\t\t\t\t\t\t\t<\/div>\n\t\t\t\t<\/div>\n\t\t\t\t\t<\/div>\n\t\t<\/div>\n\t\t\t\t\t<\/div>\n\t\t<\/section>\n\t\t\t\t<section class=\"elementor-section elementor-top-section elementor-element elementor-element-52502bc elementor-section-boxed elementor-section-height-default elementor-section-height-default\" data-id=\"52502bc\" data-element_type=\"section\" data-e-type=\"section\" data-settings=\"{&quot;background_background&quot;:&quot;classic&quot;}\">\n\t\t\t\t\t\t\t<div class=\"elementor-background-overlay\"><\/div>\n\t\t\t\t\t\t\t<div class=\"elementor-container elementor-column-gap-default\">\n\t\t\t\t\t<div class=\"elementor-column elementor-col-100 elementor-top-column elementor-element elementor-element-c892f47\" data-id=\"c892f47\" data-element_type=\"column\" data-e-type=\"column\" data-settings=\"{&quot;background_background&quot;:&quot;classic&quot;}\">\n\t\t\t<div class=\"elementor-widget-wrap elementor-element-populated\">\n\t\t\t\t\t\t<div class=\"elementor-element elementor-element-5cd6a24 elementor-widget elementor-widget-text-editor\" data-id=\"5cd6a24\" data-element_type=\"widget\" data-e-type=\"widget\" data-widget_type=\"text-editor.default\">\n\t\t\t\t<div class=\"elementor-widget-container\">\n\t\t\t\t\t\t\t\t\t<p>By far the most sophisticated technology on the planet was not developed by man. It has existed for millions of years.<\/p><p>It&#8217;s called A SEED.<\/p><p>Nothing humans can do could match such sophistication, yet, we can use it.<\/p><p>\u00a0<\/p><p>Although many of us often feel helpless when we cannot change the world for the better,<\/p><p>we can always trust in the power of the seed.<\/p><p>\u00a0<\/p><p>Perhaps one individual cannot simply raise awareness of the fact that plastic is not only a permanent trash, piling up on land and in oceans, usually exported<\/p><p>to poor countries. One cannot constantly shout at others that plastic is produced from oil, and oil means appetites for profit, and for the\u201cextraction of profit\u201d<\/p><p>corporations drive people off their lands \u2026 and that unlimited demands for oil and plastic destroy human and more-than-human. Perhaps an individual can&#8217;t<\/p><p>speak to other people\u2019s will and motivation, perhaps one can only speak to others\u2019 laziness, their addiction to comfort. Maybe quit-buying plastic and<\/p><p>change-all-at-once is too much to take. \u00a0Maybe we should learn from the trees who know that overflowing the space with tiny seeds is the best technique.<\/p>\t\t\t\t\t\t\t\t<\/div>\n\t\t\t\t<\/div>\n\t\t\t\t\t<\/div>\n\t\t<\/div>\n\t\t\t\t\t<\/div>\n\t\t<\/section>\n\t\t\t\t<section class=\"elementor-section elementor-top-section elementor-element elementor-element-e4e0a04 elementor-section-boxed elementor-section-height-default elementor-section-height-default\" data-id=\"e4e0a04\" data-element_type=\"section\" data-e-type=\"section\">\n\t\t\t\t\t\t<div class=\"elementor-container elementor-column-gap-default\">\n\t\t\t\t\t<div class=\"elementor-column elementor-col-100 elementor-top-column elementor-element elementor-element-a934697\" data-id=\"a934697\" data-element_type=\"column\" data-e-type=\"column\" data-settings=\"{&quot;background_background&quot;:&quot;classic&quot;}\">\n\t\t\t<div class=\"elementor-widget-wrap elementor-element-populated\">\n\t\t\t\t\t\t<div class=\"elementor-element elementor-element-fdf2d5f elementor-widget elementor-widget-gallery\" data-id=\"fdf2d5f\" data-element_type=\"widget\" data-e-type=\"widget\" data-settings=\"{&quot;aspect_ratio&quot;:&quot;4:3&quot;,&quot;columns&quot;:5,&quot;gallery_layout&quot;:&quot;grid&quot;,&quot;columns_tablet&quot;:2,&quot;columns_mobile&quot;:1,&quot;gap&quot;:{&quot;unit&quot;:&quot;px&quot;,&quot;size&quot;:10,&quot;sizes&quot;:[]},&quot;gap_tablet&quot;:{&quot;unit&quot;:&quot;px&quot;,&quot;size&quot;:10,&quot;sizes&quot;:[]},&quot;gap_mobile&quot;:{&quot;unit&quot;:&quot;px&quot;,&quot;size&quot;:10,&quot;sizes&quot;:[]},&quot;link_to&quot;:&quot;file&quot;,&quot;overlay_background&quot;:&quot;yes&quot;,&quot;content_hover_animation&quot;:&quot;fade-in&quot;}\" data-widget_type=\"gallery.default\">\n\t\t\t\t<div class=\"elementor-widget-container\">\n\t\t\t\t\t\t\t\t<div class=\"elementor-gallery__titles-container e--pointer-none\" aria-label=\"Gallery filter\">\n\t\t\t\t\n\t\t\t\t\t\t\t\t\t<a class=\"elementor-item elementor-gallery-title\" role=\"button\" tabindex=\"0\" data-gallery-index=\"0\">\n\t\t\t\t\t\t\t\t\t\t\t<\/a>\n\t\t\t\t\t\t\t\t<\/div>\n\t\t\t\t\t<div class=\"elementor-gallery__container\">\n\t\t\t\t\t\t\t<a class=\"e-gallery-item elementor-gallery-item elementor-animated-content\" data-e-gallery-tags=\"0\" href=\"https:\/\/aniradar.com\/wp-content\/uploads\/2025\/03\/Trash-containers-everywhere-give-me-a-brake-can-I-please-just-simply-refill-this-scaled.jpg\" data-elementor-open-lightbox=\"yes\" data-elementor-lightbox-slideshow=\"fdf2d5f\" data-elementor-lightbox-title=\"Trash containers everywhere - give me a brake can I please just simply refill this!\" data-e-action-hash=\"#elementor-action%3Aaction%3Dlightbox%26settings%3DeyJpZCI6NjkxNSwidXJsIjoiaHR0cHM6XC9cL2FuaXJhZGFyLmNvbVwvd3AtY29udGVudFwvdXBsb2Fkc1wvMjAyNVwvMDNcL1RyYXNoLWNvbnRhaW5lcnMtZXZlcnl3aGVyZS1naXZlLW1lLWEtYnJha2UtY2FuLUktcGxlYXNlLWp1c3Qtc2ltcGx5LXJlZmlsbC10aGlzLXNjYWxlZC5qcGciLCJzbGlkZXNob3ciOiJmZGYyZDVmIn0%3D\">\n\t\t\t\t\t<div class=\"e-gallery-image elementor-gallery-item__image\" data-thumbnail=\"https:\/\/aniradar.com\/wp-content\/uploads\/2025\/03\/Trash-containers-everywhere-give-me-a-brake-can-I-please-just-simply-refill-this-1024x770.jpg\" data-width=\"800\" data-height=\"602\" aria-label=\"\" role=\"img\" ><\/div>\n\t\t\t\t\t\t\t\t\t\t\t<div class=\"elementor-gallery-item__overlay\"><\/div>\n\t\t\t\t\t\t\t\t\t\t\t\t\t\t<\/a>\n\t\t\t\t\t\t\t<a class=\"e-gallery-item elementor-gallery-item elementor-animated-content\" data-e-gallery-tags=\"0\" href=\"https:\/\/aniradar.com\/wp-content\/uploads\/2025\/03\/4-scaled.jpg\" data-elementor-open-lightbox=\"yes\" data-elementor-lightbox-slideshow=\"fdf2d5f\" data-elementor-lightbox-title=\"4\" data-e-action-hash=\"#elementor-action%3Aaction%3Dlightbox%26settings%3DeyJpZCI6NjkwMCwidXJsIjoiaHR0cHM6XC9cL2FuaXJhZGFyLmNvbVwvd3AtY29udGVudFwvdXBsb2Fkc1wvMjAyNVwvMDNcLzQtc2NhbGVkLmpwZyIsInNsaWRlc2hvdyI6ImZkZjJkNWYifQ%3D%3D\">\n\t\t\t\t\t<div class=\"e-gallery-image elementor-gallery-item__image\" data-thumbnail=\"https:\/\/aniradar.com\/wp-content\/uploads\/2025\/03\/4-770x1024.jpg\" data-width=\"770\" data-height=\"1024\" aria-label=\"\" role=\"img\" ><\/div>\n\t\t\t\t\t\t\t\t\t\t\t<div class=\"elementor-gallery-item__overlay\"><\/div>\n\t\t\t\t\t\t\t\t\t\t\t\t\t\t<\/a>\n\t\t\t\t\t\t\t<a class=\"e-gallery-item elementor-gallery-item elementor-animated-content\" data-e-gallery-tags=\"0\" href=\"https:\/\/aniradar.com\/wp-content\/uploads\/2025\/03\/One-bottle-to-the-garbage-the-other-from-the-shop-can-I-just-simply-refill-this-scaled.jpg\" data-elementor-open-lightbox=\"yes\" data-elementor-lightbox-slideshow=\"fdf2d5f\" data-elementor-lightbox-title=\"One bottle to the garbage, the other from the shop can I just simply refill this\" data-e-action-hash=\"#elementor-action%3Aaction%3Dlightbox%26settings%3DeyJpZCI6NjkxNywidXJsIjoiaHR0cHM6XC9cL2FuaXJhZGFyLmNvbVwvd3AtY29udGVudFwvdXBsb2Fkc1wvMjAyNVwvMDNcL09uZS1ib3R0bGUtdG8tdGhlLWdhcmJhZ2UtdGhlLW90aGVyLWZyb20tdGhlLXNob3AtY2FuLUktanVzdC1zaW1wbHktcmVmaWxsLXRoaXMtc2NhbGVkLmpwZyIsInNsaWRlc2hvdyI6ImZkZjJkNWYifQ%3D%3D\">\n\t\t\t\t\t<div class=\"e-gallery-image elementor-gallery-item__image\" data-thumbnail=\"https:\/\/aniradar.com\/wp-content\/uploads\/2025\/03\/One-bottle-to-the-garbage-the-other-from-the-shop-can-I-just-simply-refill-this-770x1024.jpg\" data-width=\"770\" data-height=\"1024\" aria-label=\"\" role=\"img\" ><\/div>\n\t\t\t\t\t\t\t\t\t\t\t<div class=\"elementor-gallery-item__overlay\"><\/div>\n\t\t\t\t\t\t\t\t\t\t\t\t\t\t<\/a>\n\t\t\t\t\t\t\t<a class=\"e-gallery-item elementor-gallery-item elementor-animated-content\" data-e-gallery-tags=\"0\" href=\"https:\/\/aniradar.com\/wp-content\/uploads\/2025\/03\/Couldnt-find-a-container-for-this-can-you-please-refill-this-Ill-come-back-on-thursday-scaled.jpg\" data-elementor-open-lightbox=\"yes\" data-elementor-lightbox-slideshow=\"fdf2d5f\" data-elementor-lightbox-title=\"Couldn&#039;t find a container for this - can you please refill this - I&#039;ll come back on thursday\" data-e-action-hash=\"#elementor-action%3Aaction%3Dlightbox%26settings%3DeyJpZCI6NjkxNiwidXJsIjoiaHR0cHM6XC9cL2FuaXJhZGFyLmNvbVwvd3AtY29udGVudFwvdXBsb2Fkc1wvMjAyNVwvMDNcL0NvdWxkbnQtZmluZC1hLWNvbnRhaW5lci1mb3ItdGhpcy1jYW4teW91LXBsZWFzZS1yZWZpbGwtdGhpcy1JbGwtY29tZS1iYWNrLW9uLXRodXJzZGF5LXNjYWxlZC5qcGciLCJzbGlkZXNob3ciOiJmZGYyZDVmIn0%3D\">\n\t\t\t\t\t<div class=\"e-gallery-image elementor-gallery-item__image\" data-thumbnail=\"https:\/\/aniradar.com\/wp-content\/uploads\/2025\/03\/Couldnt-find-a-container-for-this-can-you-please-refill-this-Ill-come-back-on-thursday-768x1024.jpg\" data-width=\"768\" data-height=\"1024\" aria-label=\"\" role=\"img\" ><\/div>\n\t\t\t\t\t\t\t\t\t\t\t<div class=\"elementor-gallery-item__overlay\"><\/div>\n\t\t\t\t\t\t\t\t\t\t\t\t\t\t<\/a>\n\t\t\t\t\t\t\t<a class=\"e-gallery-item elementor-gallery-item elementor-animated-content\" data-e-gallery-tags=\"0\" href=\"https:\/\/aniradar.com\/wp-content\/uploads\/2025\/03\/6-scaled.jpg\" data-elementor-open-lightbox=\"yes\" data-elementor-lightbox-slideshow=\"fdf2d5f\" data-elementor-lightbox-title=\"6\" data-e-action-hash=\"#elementor-action%3Aaction%3Dlightbox%26settings%3DeyJpZCI6NjkwMiwidXJsIjoiaHR0cHM6XC9cL2FuaXJhZGFyLmNvbVwvd3AtY29udGVudFwvdXBsb2Fkc1wvMjAyNVwvMDNcLzYtc2NhbGVkLmpwZyIsInNsaWRlc2hvdyI6ImZkZjJkNWYifQ%3D%3D\">\n\t\t\t\t\t<div class=\"e-gallery-image elementor-gallery-item__image\" data-thumbnail=\"https:\/\/aniradar.com\/wp-content\/uploads\/2025\/03\/6-768x1024.jpg\" data-width=\"768\" data-height=\"1024\" aria-label=\"\" role=\"img\" ><\/div>\n\t\t\t\t\t\t\t\t\t\t\t<div class=\"elementor-gallery-item__overlay\"><\/div>\n\t\t\t\t\t\t\t\t\t\t\t\t\t\t<\/a>\n\t\t\t\t\t\t\t<a class=\"e-gallery-item elementor-gallery-item elementor-animated-content\" data-e-gallery-tags=\"0\" href=\"https:\/\/aniradar.com\/wp-content\/uploads\/2025\/03\/I-like-this-shampoo-can-you-refill-it-for-me-please-scaled.jpg\" data-elementor-open-lightbox=\"yes\" data-elementor-lightbox-slideshow=\"fdf2d5f\" data-elementor-lightbox-title=\"I like this shampoo - can you refill it for me please\" data-e-action-hash=\"#elementor-action%3Aaction%3Dlightbox%26settings%3DeyJpZCI6NjkxMywidXJsIjoiaHR0cHM6XC9cL2FuaXJhZGFyLmNvbVwvd3AtY29udGVudFwvdXBsb2Fkc1wvMjAyNVwvMDNcL0ktbGlrZS10aGlzLXNoYW1wb28tY2FuLXlvdS1yZWZpbGwtaXQtZm9yLW1lLXBsZWFzZS1zY2FsZWQuanBnIiwic2xpZGVzaG93IjoiZmRmMmQ1ZiJ9\">\n\t\t\t\t\t<div class=\"e-gallery-image elementor-gallery-item__image\" data-thumbnail=\"https:\/\/aniradar.com\/wp-content\/uploads\/2025\/03\/I-like-this-shampoo-can-you-refill-it-for-me-please-768x1024.jpg\" data-width=\"768\" data-height=\"1024\" aria-label=\"\" role=\"img\" ><\/div>\n\t\t\t\t\t\t\t\t\t\t\t<div class=\"elementor-gallery-item__overlay\"><\/div>\n\t\t\t\t\t\t\t\t\t\t\t\t\t\t<\/a>\n\t\t\t\t\t\t\t<a class=\"e-gallery-item elementor-gallery-item elementor-animated-content\" data-e-gallery-tags=\"0\" href=\"https:\/\/aniradar.com\/wp-content\/uploads\/2025\/03\/12-scaled.jpg\" data-elementor-open-lightbox=\"yes\" data-elementor-lightbox-slideshow=\"fdf2d5f\" data-elementor-lightbox-title=\"12\" data-e-action-hash=\"#elementor-action%3Aaction%3Dlightbox%26settings%3DeyJpZCI6NjkwOCwidXJsIjoiaHR0cHM6XC9cL2FuaXJhZGFyLmNvbVwvd3AtY29udGVudFwvdXBsb2Fkc1wvMjAyNVwvMDNcLzEyLXNjYWxlZC5qcGciLCJzbGlkZXNob3ciOiJmZGYyZDVmIn0%3D\">\n\t\t\t\t\t<div class=\"e-gallery-image elementor-gallery-item__image\" data-thumbnail=\"https:\/\/aniradar.com\/wp-content\/uploads\/2025\/03\/12-768x1024.jpg\" data-width=\"768\" data-height=\"1024\" aria-label=\"\" role=\"img\" ><\/div>\n\t\t\t\t\t\t\t\t\t\t\t<div class=\"elementor-gallery-item__overlay\"><\/div>\n\t\t\t\t\t\t\t\t\t\t\t\t\t\t<\/a>\n\t\t\t\t\t\t\t<a class=\"e-gallery-item elementor-gallery-item elementor-animated-content\" data-e-gallery-tags=\"0\" href=\"https:\/\/aniradar.com\/wp-content\/uploads\/2025\/03\/Couldnt-find-a-container-for-this-can-you-please-refill-this-I-come-pick-it-on-thursday-scaled.jpg\" data-elementor-open-lightbox=\"yes\" data-elementor-lightbox-slideshow=\"fdf2d5f\" data-elementor-lightbox-title=\"Couldn&#039;t find a container for this - can you please refill this - I come pick it on thursday\" data-e-action-hash=\"#elementor-action%3Aaction%3Dlightbox%26settings%3DeyJpZCI6NjkxMiwidXJsIjoiaHR0cHM6XC9cL2FuaXJhZGFyLmNvbVwvd3AtY29udGVudFwvdXBsb2Fkc1wvMjAyNVwvMDNcL0NvdWxkbnQtZmluZC1hLWNvbnRhaW5lci1mb3ItdGhpcy1jYW4teW91LXBsZWFzZS1yZWZpbGwtdGhpcy1JLWNvbWUtcGljay1pdC1vbi10aHVyc2RheS1zY2FsZWQuanBnIiwic2xpZGVzaG93IjoiZmRmMmQ1ZiJ9\">\n\t\t\t\t\t<div class=\"e-gallery-image elementor-gallery-item__image\" data-thumbnail=\"https:\/\/aniradar.com\/wp-content\/uploads\/2025\/03\/Couldnt-find-a-container-for-this-can-you-please-refill-this-I-come-pick-it-on-thursday-768x1024.jpg\" data-width=\"768\" data-height=\"1024\" aria-label=\"\" role=\"img\" ><\/div>\n\t\t\t\t\t\t\t\t\t\t\t<div class=\"elementor-gallery-item__overlay\"><\/div>\n\t\t\t\t\t\t\t\t\t\t\t\t\t\t<\/a>\n\t\t\t\t\t\t\t<a class=\"e-gallery-item elementor-gallery-item elementor-animated-content\" data-e-gallery-tags=\"0\" href=\"https:\/\/aniradar.com\/wp-content\/uploads\/2025\/03\/10-scaled.jpg\" data-elementor-open-lightbox=\"yes\" data-elementor-lightbox-slideshow=\"fdf2d5f\" data-elementor-lightbox-title=\"10\" data-e-action-hash=\"#elementor-action%3Aaction%3Dlightbox%26settings%3DeyJpZCI6NjkxMSwidXJsIjoiaHR0cHM6XC9cL2FuaXJhZGFyLmNvbVwvd3AtY29udGVudFwvdXBsb2Fkc1wvMjAyNVwvMDNcLzEwLXNjYWxlZC5qcGciLCJzbGlkZXNob3ciOiJmZGYyZDVmIn0%3D\">\n\t\t\t\t\t<div class=\"e-gallery-image elementor-gallery-item__image\" data-thumbnail=\"https:\/\/aniradar.com\/wp-content\/uploads\/2025\/03\/10-1024x768.jpg\" data-width=\"800\" data-height=\"600\" aria-label=\"\" role=\"img\" ><\/div>\n\t\t\t\t\t\t\t\t\t\t\t<div class=\"elementor-gallery-item__overlay\"><\/div>\n\t\t\t\t\t\t\t\t\t\t\t\t\t\t<\/a>\n\t\t\t\t\t\t\t<a class=\"e-gallery-item elementor-gallery-item elementor-animated-content\" data-e-gallery-tags=\"0\" href=\"https:\/\/aniradar.com\/wp-content\/uploads\/2025\/03\/Refill-me-please-scaled.jpg\" data-elementor-open-lightbox=\"yes\" data-elementor-lightbox-slideshow=\"fdf2d5f\" data-elementor-lightbox-title=\"Refill me please\" data-e-action-hash=\"#elementor-action%3Aaction%3Dlightbox%26settings%3DeyJpZCI6NjkxNCwidXJsIjoiaHR0cHM6XC9cL2FuaXJhZGFyLmNvbVwvd3AtY29udGVudFwvdXBsb2Fkc1wvMjAyNVwvMDNcL1JlZmlsbC1tZS1wbGVhc2Utc2NhbGVkLmpwZyIsInNsaWRlc2hvdyI6ImZkZjJkNWYifQ%3D%3D\">\n\t\t\t\t\t<div class=\"e-gallery-image elementor-gallery-item__image\" data-thumbnail=\"https:\/\/aniradar.com\/wp-content\/uploads\/2025\/03\/Refill-me-please-768x1024.jpg\" data-width=\"768\" data-height=\"1024\" aria-label=\"\" role=\"img\" ><\/div>\n\t\t\t\t\t\t\t\t\t\t\t<div class=\"elementor-gallery-item__overlay\"><\/div>\n\t\t\t\t\t\t\t\t\t\t\t\t\t\t<\/a>\n\t\t\t\t\t<\/div>\n\t\t\t\t\t<\/div>\n\t\t\t\t<\/div>\n\t\t\t\t\t<\/div>\n\t\t<\/div>\n\t\t\t\t\t<\/div>\n\t\t<\/section>\n\t\t\t\t<section class=\"elementor-section elementor-top-section elementor-element elementor-element-c91d346 elementor-section-boxed elementor-section-height-default elementor-section-height-default\" data-id=\"c91d346\" data-element_type=\"section\" data-e-type=\"section\" data-settings=\"{&quot;background_background&quot;:&quot;classic&quot;}\">\n\t\t\t\t\t\t\t<div class=\"elementor-background-overlay\"><\/div>\n\t\t\t\t\t\t\t<div class=\"elementor-container elementor-column-gap-default\">\n\t\t\t\t\t<div class=\"elementor-column elementor-col-100 elementor-top-column elementor-element elementor-element-e1d7982\" data-id=\"e1d7982\" data-element_type=\"column\" data-e-type=\"column\" data-settings=\"{&quot;background_background&quot;:&quot;classic&quot;}\">\n\t\t\t<div class=\"elementor-widget-wrap elementor-element-populated\">\n\t\t\t\t\t\t<div class=\"elementor-element elementor-element-e68e83b elementor-widget elementor-widget-text-editor\" data-id=\"e68e83b\" data-element_type=\"widget\" data-e-type=\"widget\" data-widget_type=\"text-editor.default\">\n\t\t\t\t<div class=\"elementor-widget-container\">\n\t\t\t\t\t\t\t\t\t<p>\u00a0 \u00a0 \u00a0 \u00a0 \u00a0 \u00a0 \u00a0\u00a0 \u00a0\u00a0\u00a0\u00a0\u00a0\u00a0\u00a0\u00a0\u00a0\u00a0\u00a0\u00a0\u00a0\u00a0\u00a0\u00a0\u00a0\u00a0\u00a0\u00a0\u00a0\u00a0\u00a0\u00a0\u00a0\u00a0\u00a0\u00a0\u00a0\u00a0\u00a0\u00a0\u00a0\u00a0\u00a0\u00a0\u00a0\u00a0\u00a0\u00a0\u00a0\u00a0\u00a0\u00a0\u00a0\u00a0\u00a0\u00a0\u00a0\u00a0\u00a0\u00a0\u00a0\u00a0\u00a0\u00a0\u00a0\u00a0\u00a0\u00a0\u00a0\u00a0\u00a0\u00a0\u00a0\u00a0\u00a0\u00a0\u00a0\u00a0\u00a0\u00a0\u00a0\u00a0\u00a0\u00a0\u00a0\u00a0\u00a0\u00a0\u00a0\u00a0\u00a0\u00a0\u00a0\u00a0\u00a0\u00a0\u00a0\u00a0\u00a0\u00a0\u00a0\u00a0\u00a0\u00a0\u00a0\u00a0\u00a0\u00a0\u00a0\u00a0 THE SCORE<\/p><p>The Intervention was being carried out during the entire length of the project (and I sometimes still do it). Each of us did an action individually, whenever we had time and an empty package at home. We kept leaving them at different shops, each time with a similar note.\u00a0\u00a0<\/p><p>Even though we did not expect to see much of a difference, we trusted that the idea touched a few more eyes and minds. The score was designed as a dispersed-approach, grounded on small, effortless actions that anyone can do: the more often and the more of us\u00a0 do it, the more likely it is for the &#8220;seed&#8221; to germinate.<\/p><p>It may be that the dealers won\u2019t introduce the option of refilling bottles because they suddenly become conscious, but it doesn\u2019t matter: even if they do it simply because the amount of plastic package returned to them starts going on their nerves, the change start rolling.<\/p><p>After all, the technology of the seed does not work through the power of controlling the whole process by one person, but through the power of germination that is supported by many\u00a0\u00a0 tiny elements, steps and contributions from all sides.<\/p>\t\t\t\t\t\t\t\t<\/div>\n\t\t\t\t<\/div>\n\t\t\t\t\t<\/div>\n\t\t<\/div>\n\t\t\t\t\t<\/div>\n\t\t<\/section>\n\t\t\t\t<section class=\"elementor-section elementor-top-section elementor-element elementor-element-7509e3b elementor-section-boxed elementor-section-height-default elementor-section-height-default\" data-id=\"7509e3b\" data-element_type=\"section\" data-e-type=\"section\">\n\t\t\t\t\t\t<div class=\"elementor-container elementor-column-gap-default\">\n\t\t\t\t\t<div class=\"elementor-column elementor-col-100 elementor-top-column elementor-element elementor-element-90f3889\" data-id=\"90f3889\" data-element_type=\"column\" data-e-type=\"column\">\n\t\t\t<div class=\"elementor-widget-wrap elementor-element-populated\">\n\t\t\t\t\t\t<div class=\"elementor-element elementor-element-f776ac2 elementor-widget__width-initial elementor-widget elementor-widget-text-editor\" data-id=\"f776ac2\" data-element_type=\"widget\" data-e-type=\"widget\" data-widget_type=\"text-editor.default\">\n\t\t\t\t<div class=\"elementor-widget-container\">\n\t\t\t\t\t\t\t\t\t<p><strong>Concept of the project:<\/strong> Radharani Pernar\u010di\u010d<\/p><p><strong>Co-authors of the Intervention &amp; performers:<\/strong><\/p><p>Toma\u017e Lapajne Dekleva, Radharani Pernar\u010di\u010d,<\/p><p>Sa\u0161o Rutar, Simon Svetlik<\/p><p>The project was supported by the City of Ljubljana<\/p>\t\t\t\t\t\t\t\t<\/div>\n\t\t\t\t<\/div>\n\t\t\t\t<div class=\"elementor-element elementor-element-0781f80 elementor-widget elementor-widget-image\" data-id=\"0781f80\" data-element_type=\"widget\" data-e-type=\"widget\" data-widget_type=\"image.default\">\n\t\t\t\t<div class=\"elementor-widget-container\">\n\t\t\t\t\t\t\t\t\t\t\t\t\t\t\t<img decoding=\"async\" width=\"300\" height=\"135\" src=\"https:\/\/aniradar.com\/wp-content\/uploads\/2024\/07\/logo-300x135.jpg\" class=\"attachment-medium size-medium wp-image-4821\" alt=\"\" srcset=\"https:\/\/aniradar.com\/wp-content\/uploads\/2024\/07\/logo-300x135.jpg 300w, https:\/\/aniradar.com\/wp-content\/uploads\/2024\/07\/logo-1024x461.jpg 1024w, https:\/\/aniradar.com\/wp-content\/uploads\/2024\/07\/logo-768x346.jpg 768w, https:\/\/aniradar.com\/wp-content\/uploads\/2024\/07\/logo-1536x691.jpg 1536w, https:\/\/aniradar.com\/wp-content\/uploads\/2024\/07\/logo.jpg 1853w\" sizes=\"(max-width: 300px) 100vw, 300px\" \/>\t\t\t\t\t\t\t\t\t\t\t\t\t\t\t<\/div>\n\t\t\t\t<\/div>\n\t\t\t\t\t<\/div>\n\t\t<\/div>\n\t\t\t\t\t<\/div>\n\t\t<\/section>\n\t\t\t\t<\/div>\n\t\t","protected":false},"excerpt":{"rendered":"<p>Intervention X: &nbsp;BY THE WAY &#8211; PLEASE REFILL By far the most sophisticated technology on the planet was not developed by man. It has existed for millions of years. It&#8217;s called A SEED. Nothing humans can do could match such sophistication, yet, we can use it. \u00a0 Although many of us often feel helpless when [&hellip;]<\/p>\n","protected":false},"author":1,"featured_media":0,"parent":0,"menu_order":0,"comment_status":"closed","ping_status":"closed","template":"","meta":{"footnotes":""},"class_list":["post-6895","page","type-page","status-publish","hentry"],"_links":{"self":[{"href":"https:\/\/aniradar.com\/index.php\/wp-json\/wp\/v2\/pages\/6895","targetHints":{"allow":["GET"]}}],"collection":[{"href":"https:\/\/aniradar.com\/index.php\/wp-json\/wp\/v2\/pages"}],"about":[{"href":"https:\/\/aniradar.com\/index.php\/wp-json\/wp\/v2\/types\/page"}],"author":[{"embeddable":true,"href":"https:\/\/aniradar.com\/index.php\/wp-json\/wp\/v2\/users\/1"}],"replies":[{"embeddable":true,"href":"https:\/\/aniradar.com\/index.php\/wp-json\/wp\/v2\/comments?post=6895"}],"version-history":[{"count":13,"href":"https:\/\/aniradar.com\/index.php\/wp-json\/wp\/v2\/pages\/6895\/revisions"}],"predecessor-version":[{"id":8208,"href":"https:\/\/aniradar.com\/index.php\/wp-json\/wp\/v2\/pages\/6895\/revisions\/8208"}],"wp:attachment":[{"href":"https:\/\/aniradar.com\/index.php\/wp-json\/wp\/v2\/media?parent=6895"}],"curies":[{"name":"wp","href":"https:\/\/api.w.org\/{rel}","templated":true}]}}