{"id":6306,"date":"2024-12-21T13:21:06","date_gmt":"2024-12-21T13:21:06","guid":{"rendered":"https:\/\/aniradar.com\/?page_id=6306"},"modified":"2024-12-21T13:29:24","modified_gmt":"2024-12-21T13:29:24","slug":"performing-projects-at-the-permanent-address-of-our-endeavor_score-25","status":"publish","type":"page","link":"https:\/\/aniradar.com\/index.php\/performing-projects-at-the-permanent-address-of-our-endeavor_score-25\/","title":{"rendered":"Performing-PERMANENT ADDRESS-Score-25"},"content":{"rendered":"\t\t<div data-elementor-type=\"wp-page\" data-elementor-id=\"6306\" class=\"elementor elementor-6306\" data-elementor-post-type=\"page\">\n\t\t\t\t\t\t<section class=\"elementor-section elementor-top-section elementor-element elementor-element-4c9df07 elementor-section-boxed elementor-section-height-default elementor-section-height-default\" data-id=\"4c9df07\" data-element_type=\"section\" data-e-type=\"section\">\n\t\t\t\t\t\t<div class=\"elementor-container elementor-column-gap-default\">\n\t\t\t\t\t<div class=\"elementor-column elementor-col-50 elementor-top-column elementor-element elementor-element-d8c0b49\" data-id=\"d8c0b49\" data-element_type=\"column\" data-e-type=\"column\" data-settings=\"{&quot;background_background&quot;:&quot;classic&quot;}\">\n\t\t\t<div class=\"elementor-widget-wrap elementor-element-populated\">\n\t\t\t\t\t\t<div class=\"elementor-element elementor-element-41e08e4 elementor-widget__width-initial elementor-widget elementor-widget-text-editor\" data-id=\"41e08e4\" data-element_type=\"widget\" data-e-type=\"widget\" data-widget_type=\"text-editor.default\">\n\t\t\t\t<div class=\"elementor-widget-container\">\n\t\t\t\t\t\t\t\t\t<p>Score 25:<\/p><p>TO PEOPLE ON THE WAY, PEOPLE ARE NOT IN THE WAY<\/p>\t\t\t\t\t\t\t\t<\/div>\n\t\t\t\t<\/div>\n\t\t\t\t\t<\/div>\n\t\t<\/div>\n\t\t\t\t<div class=\"elementor-column elementor-col-50 elementor-top-column elementor-element elementor-element-33d41bf\" data-id=\"33d41bf\" data-element_type=\"column\" data-e-type=\"column\" data-settings=\"{&quot;background_background&quot;:&quot;classic&quot;}\">\n\t\t\t<div class=\"elementor-widget-wrap elementor-element-populated\">\n\t\t\t\t\t\t<div class=\"elementor-element elementor-element-b31cd93 elementor-widget__width-initial elementor-widget elementor-widget-image\" data-id=\"b31cd93\" data-element_type=\"widget\" data-e-type=\"widget\" data-widget_type=\"image.default\">\n\t\t\t\t<div class=\"elementor-widget-container\">\n\t\t\t\t\t\t\t\t\t\t\t\t\t\t\t<img fetchpriority=\"high\" decoding=\"async\" width=\"800\" height=\"240\" src=\"https:\/\/aniradar.com\/wp-content\/uploads\/2024\/12\/score-25_nova-gorica.jpg\" class=\"attachment-large size-large wp-image-6308\" alt=\"\" srcset=\"https:\/\/aniradar.com\/wp-content\/uploads\/2024\/12\/score-25_nova-gorica.jpg 1000w, https:\/\/aniradar.com\/wp-content\/uploads\/2024\/12\/score-25_nova-gorica-300x90.jpg 300w, https:\/\/aniradar.com\/wp-content\/uploads\/2024\/12\/score-25_nova-gorica-768x230.jpg 768w\" sizes=\"(max-width: 800px) 100vw, 800px\" \/>\t\t\t\t\t\t\t\t\t\t\t\t\t\t\t<\/div>\n\t\t\t\t<\/div>\n\t\t\t\t\t<\/div>\n\t\t<\/div>\n\t\t\t\t\t<\/div>\n\t\t<\/section>\n\t\t\t\t<section class=\"elementor-section elementor-top-section elementor-element elementor-element-370df94 elementor-section-boxed elementor-section-height-default elementor-section-height-default\" data-id=\"370df94\" data-element_type=\"section\" data-e-type=\"section\" data-settings=\"{&quot;background_background&quot;:&quot;classic&quot;}\">\n\t\t\t\t\t\t\t<div class=\"elementor-background-overlay\"><\/div>\n\t\t\t\t\t\t\t<div class=\"elementor-container elementor-column-gap-default\">\n\t\t\t\t\t<div class=\"elementor-column elementor-col-100 elementor-top-column elementor-element elementor-element-94a39c0\" data-id=\"94a39c0\" data-element_type=\"column\" data-e-type=\"column\" data-settings=\"{&quot;background_background&quot;:&quot;classic&quot;}\">\n\t\t\t<div class=\"elementor-widget-wrap elementor-element-populated\">\n\t\t\t\t\t\t<div class=\"elementor-element elementor-element-c2a052a elementor-widget elementor-widget-text-editor\" data-id=\"c2a052a\" data-element_type=\"widget\" data-e-type=\"widget\" data-widget_type=\"text-editor.default\">\n\t\t\t\t<div class=\"elementor-widget-container\">\n\t\t\t\t\t\t\t\t\t<p>History without movement does not exist. Curiosity draws people out of the familiar and into the unexplored:<\/p><p><em>somewhere far away they are talking about something, over there they are doing something unusual. They have something that we don\u2019t know here<\/em>.<\/p><p>And here we have something of our own. The exchange of goods, ways and knowledge, keeps people in motion: we may lose a match on the way,<\/p><p>leave broken pots by the fireplace, pierce an earring or an unpronounceable word into our tongues, improve our nail filing technique.<\/p><p>Someone else digs it up, buys it, makes a cult of their own \u2013 a clock ticking in a slightly altered rhythm&#8230; Sometimes people find a comfortable spot:<\/p><p>we stand for a while, someone else joins in, one takes a chalk and out of boredom draws a circle around the group &#8230; suddenly everyone seems unable<\/p><p>to get out, and no one else in either. So we invent a ritual to make the invisible wall a membrane. It works for a while, it enables us to pass through.<\/p><p>Then, one day, children under the block are playing \u2018stealing land\u2019 game again.<\/p><p>They throw pebbles and jump into impossible poses, until finally a storm washes away the last of the pebbles on the asphalt.<\/p><p>The emerging map sometimes stutters &#8230; and only unaided wall-less vision knows that space cannot be an obstacle \u2013<\/p><p>ANYONE CAN TAKE A STEP IN ANY DIRECTION AT ANY TIME.\u00a0\u00a0\u00a0<\/p><p>\u00a0<\/p><p>(<em>Performance took place as a part of the <\/em><em>celebration of opening the former Slovenian-Italian border in Nova Gorica, Slovenia.<\/em><\/p><p><em>No Photos were taken at the event, due to the presence of some migrants.)<\/em><\/p>\t\t\t\t\t\t\t\t<\/div>\n\t\t\t\t<\/div>\n\t\t\t\t\t<\/div>\n\t\t<\/div>\n\t\t\t\t\t<\/div>\n\t\t<\/section>\n\t\t\t\t<section class=\"elementor-section elementor-top-section elementor-element elementor-element-bdcec44 elementor-section-boxed elementor-section-height-default elementor-section-height-default\" data-id=\"bdcec44\" data-element_type=\"section\" data-e-type=\"section\">\n\t\t\t\t\t\t<div class=\"elementor-container elementor-column-gap-default\">\n\t\t\t\t\t<div class=\"elementor-column elementor-col-100 elementor-top-column elementor-element elementor-element-33ce817\" data-id=\"33ce817\" data-element_type=\"column\" data-e-type=\"column\">\n\t\t\t<div class=\"elementor-widget-wrap elementor-element-populated\">\n\t\t\t\t\t\t<div class=\"elementor-element elementor-element-15fdbbc elementor-widget__width-initial elementor-widget elementor-widget-text-editor\" data-id=\"15fdbbc\" data-element_type=\"widget\" data-e-type=\"widget\" data-widget_type=\"text-editor.default\">\n\t\t\t\t<div class=\"elementor-widget-container\">\n\t\t\t\t\t\t\t\t\t<p><strong>Concept of the project:<\/strong> Radharani Pernar\u010di\u010d<\/p><p><strong>Co-authors of the Score &amp; performers: <\/strong>Sre\u010dko Jor\u0161 (Gregor Kamnikar), Radharani Pernar\u010di\u010d<\/p>\t\t\t\t\t\t\t\t<\/div>\n\t\t\t\t<\/div>\n\t\t\t\t\t<\/div>\n\t\t<\/div>\n\t\t\t\t\t<\/div>\n\t\t<\/section>\n\t\t\t\t<\/div>\n\t\t","protected":false},"excerpt":{"rendered":"<p>Score 25: TO PEOPLE ON THE WAY, PEOPLE ARE NOT IN THE WAY History without movement does not exist. Curiosity draws people out of the familiar and into the unexplored: somewhere far away they are talking about something, over there they are doing something unusual. They have something that we don\u2019t know here. And here [&hellip;]<\/p>\n","protected":false},"author":1,"featured_media":0,"parent":0,"menu_order":0,"comment_status":"closed","ping_status":"closed","template":"","meta":{"footnotes":""},"class_list":["post-6306","page","type-page","status-publish","hentry"],"_links":{"self":[{"href":"https:\/\/aniradar.com\/index.php\/wp-json\/wp\/v2\/pages\/6306","targetHints":{"allow":["GET"]}}],"collection":[{"href":"https:\/\/aniradar.com\/index.php\/wp-json\/wp\/v2\/pages"}],"about":[{"href":"https:\/\/aniradar.com\/index.php\/wp-json\/wp\/v2\/types\/page"}],"author":[{"embeddable":true,"href":"https:\/\/aniradar.com\/index.php\/wp-json\/wp\/v2\/users\/1"}],"replies":[{"embeddable":true,"href":"https:\/\/aniradar.com\/index.php\/wp-json\/wp\/v2\/comments?post=6306"}],"version-history":[{"count":4,"href":"https:\/\/aniradar.com\/index.php\/wp-json\/wp\/v2\/pages\/6306\/revisions"}],"predecessor-version":[{"id":6311,"href":"https:\/\/aniradar.com\/index.php\/wp-json\/wp\/v2\/pages\/6306\/revisions\/6311"}],"wp:attachment":[{"href":"https:\/\/aniradar.com\/index.php\/wp-json\/wp\/v2\/media?parent=6306"}],"curies":[{"name":"wp","href":"https:\/\/api.w.org\/{rel}","templated":true}]}}