{"id":5608,"date":"2024-12-16T08:56:20","date_gmt":"2024-12-16T08:56:20","guid":{"rendered":"https:\/\/aniradar.com\/?page_id=5608"},"modified":"2024-12-21T20:03:47","modified_gmt":"2024-12-21T20:03:47","slug":"poetry-books-2","status":"publish","type":"page","link":"https:\/\/aniradar.com\/index.php\/poetry-books-2\/","title":{"rendered":"Poetry-BOOKS"},"content":{"rendered":"\t\t<div data-elementor-type=\"wp-page\" data-elementor-id=\"5608\" class=\"elementor elementor-5608\" data-elementor-post-type=\"page\">\n\t\t\t\t\t\t<section class=\"elementor-section elementor-top-section elementor-element elementor-element-c0cd4e6 elementor-section-boxed elementor-section-height-default elementor-section-height-default\" data-id=\"c0cd4e6\" data-element_type=\"section\" data-e-type=\"section\">\n\t\t\t\t\t\t<div class=\"elementor-container elementor-column-gap-default\">\n\t\t\t\t\t<div class=\"elementor-column elementor-col-50 elementor-top-column elementor-element elementor-element-19561d7\" data-id=\"19561d7\" data-element_type=\"column\" data-e-type=\"column\" data-settings=\"{&quot;background_background&quot;:&quot;classic&quot;}\">\n\t\t\t<div class=\"elementor-widget-wrap elementor-element-populated\">\n\t\t\t\t\t\t<div class=\"elementor-element elementor-element-88ce27a elementor-widget__width-initial elementor-widget elementor-widget-text-editor\" data-id=\"88ce27a\" data-element_type=\"widget\" data-e-type=\"widget\" data-widget_type=\"text-editor.default\">\n\t\t\t\t<div class=\"elementor-widget-container\">\n\t\t\t\t\t\t\t\t\t<p>BOOKS<\/p><div>\u00a0<\/div>\t\t\t\t\t\t\t\t<\/div>\n\t\t\t\t<\/div>\n\t\t\t\t\t<\/div>\n\t\t<\/div>\n\t\t\t\t<div class=\"elementor-column elementor-col-50 elementor-top-column elementor-element elementor-element-c2ffd5d\" data-id=\"c2ffd5d\" data-element_type=\"column\" data-e-type=\"column\" data-settings=\"{&quot;background_background&quot;:&quot;classic&quot;}\">\n\t\t\t<div class=\"elementor-widget-wrap elementor-element-populated\">\n\t\t\t\t\t\t<div class=\"elementor-element elementor-element-f38d234 elementor-widget__width-initial elementor-widget elementor-widget-image\" data-id=\"f38d234\" data-element_type=\"widget\" data-e-type=\"widget\" data-widget_type=\"image.default\">\n\t\t\t\t<div class=\"elementor-widget-container\">\n\t\t\t\t\t\t\t\t\t\t\t\t\t\t\t<img fetchpriority=\"high\" decoding=\"async\" width=\"800\" height=\"240\" src=\"https:\/\/aniradar.com\/wp-content\/uploads\/2024\/07\/Poetry-Books.jpg\" class=\"attachment-large size-large wp-image-4388\" alt=\"\" srcset=\"https:\/\/aniradar.com\/wp-content\/uploads\/2024\/07\/Poetry-Books.jpg 1000w, https:\/\/aniradar.com\/wp-content\/uploads\/2024\/07\/Poetry-Books-300x90.jpg 300w, https:\/\/aniradar.com\/wp-content\/uploads\/2024\/07\/Poetry-Books-768x230.jpg 768w\" sizes=\"(max-width: 800px) 100vw, 800px\" \/>\t\t\t\t\t\t\t\t\t\t\t\t\t\t\t<\/div>\n\t\t\t\t<\/div>\n\t\t\t\t\t<\/div>\n\t\t<\/div>\n\t\t\t\t\t<\/div>\n\t\t<\/section>\n\t\t\t\t<section class=\"elementor-section elementor-top-section elementor-element elementor-element-057e013 elementor-section-boxed elementor-section-height-default elementor-section-height-default\" data-id=\"057e013\" data-element_type=\"section\" data-e-type=\"section\" data-settings=\"{&quot;background_background&quot;:&quot;classic&quot;}\">\n\t\t\t\t\t\t\t<div class=\"elementor-background-overlay\"><\/div>\n\t\t\t\t\t\t\t<div class=\"elementor-container elementor-column-gap-default\">\n\t\t\t\t\t<div class=\"elementor-column elementor-col-33 elementor-top-column elementor-element elementor-element-40abfbd\" data-id=\"40abfbd\" data-element_type=\"column\" data-e-type=\"column\" data-settings=\"{&quot;background_background&quot;:&quot;classic&quot;}\">\n\t\t\t<div class=\"elementor-widget-wrap elementor-element-populated\">\n\t\t\t\t\t\t<div class=\"elementor-element elementor-element-16d1e8a elementor-widget elementor-widget-text-editor\" data-id=\"16d1e8a\" data-element_type=\"widget\" data-e-type=\"widget\" data-widget_type=\"text-editor.default\">\n\t\t\t\t<div class=\"elementor-widget-container\">\n\t\t\t\t\t\t\t\t\t<p>VESOLJE \u017dALUJKO,<\/p><p>VETER \u017dALUZIJE<\/p>\t\t\t\t\t\t\t\t<\/div>\n\t\t\t\t<\/div>\n\t\t\t\t<div class=\"elementor-element elementor-element-dc444ad elementor-widget elementor-widget-image\" data-id=\"dc444ad\" data-element_type=\"widget\" data-e-type=\"widget\" data-widget_type=\"image.default\">\n\t\t\t\t<div class=\"elementor-widget-container\">\n\t\t\t\t\t\t\t\t\t\t\t\t\t\t\t<img decoding=\"async\" width=\"691\" height=\"1024\" src=\"https:\/\/aniradar.com\/wp-content\/uploads\/2024\/07\/Vesolje-zalujko-veter-zaluzije-691x1024.jpg\" class=\"attachment-large size-large wp-image-4419\" alt=\"\" srcset=\"https:\/\/aniradar.com\/wp-content\/uploads\/2024\/07\/Vesolje-zalujko-veter-zaluzije-691x1024.jpg 691w, https:\/\/aniradar.com\/wp-content\/uploads\/2024\/07\/Vesolje-zalujko-veter-zaluzije-202x300.jpg 202w, https:\/\/aniradar.com\/wp-content\/uploads\/2024\/07\/Vesolje-zalujko-veter-zaluzije-768x1138.jpg 768w, https:\/\/aniradar.com\/wp-content\/uploads\/2024\/07\/Vesolje-zalujko-veter-zaluzije.jpg 820w\" sizes=\"(max-width: 691px) 100vw, 691px\" \/>\t\t\t\t\t\t\t\t\t\t\t\t\t\t\t<\/div>\n\t\t\t\t<\/div>\n\t\t\t\t<div class=\"elementor-element elementor-element-1958a35 elementor-widget elementor-widget-text-editor\" data-id=\"1958a35\" data-element_type=\"widget\" data-e-type=\"widget\" data-widget_type=\"text-editor.default\">\n\t\t\t\t<div class=\"elementor-widget-container\">\n\t\t\t\t\t\t\t\t\t<p>Published by: KUD France Pre\u0161eren Trnovo \/<\/p><p>Mi pojemo v pu\u0161\u010davi knjiga 24<\/p><p>Editing: Goran Jankovi\u0107<\/p><p>Prologue: Ivan Dobnik<\/p><p>Layout: Ana Delo, Biro Stara Ljubljana, d. o. o.<\/p><p>Corrections: Branka Majeri\u010d<\/p><p>Print: Tiskarna Medium, \u017dirovnica<\/p><p>Ljubljana, 2008<\/p><p>Supported by: The Ministry of culture of the<\/p><p>Republic of Slovenia &amp; The Municipality of Grosuplje<\/p>\t\t\t\t\t\t\t\t<\/div>\n\t\t\t\t<\/div>\n\t\t\t\t\t<\/div>\n\t\t<\/div>\n\t\t\t\t<div class=\"elementor-column elementor-col-33 elementor-top-column elementor-element elementor-element-10adb89\" data-id=\"10adb89\" data-element_type=\"column\" data-e-type=\"column\" data-settings=\"{&quot;background_background&quot;:&quot;classic&quot;}\">\n\t\t\t<div class=\"elementor-widget-wrap elementor-element-populated\">\n\t\t\t\t\t\t<div class=\"elementor-element elementor-element-8eb0039 elementor-widget elementor-widget-text-editor\" data-id=\"8eb0039\" data-element_type=\"widget\" data-e-type=\"widget\" data-widget_type=\"text-editor.default\">\n\t\t\t\t<div class=\"elementor-widget-container\">\n\t\t\t\t\t\t\t\t\t<p>BULL-ROARER<\/p>\t\t\t\t\t\t\t\t<\/div>\n\t\t\t\t<\/div>\n\t\t\t\t<div class=\"elementor-element elementor-element-5191dc2 elementor-widget elementor-widget-image\" data-id=\"5191dc2\" data-element_type=\"widget\" data-e-type=\"widget\" data-widget_type=\"image.default\">\n\t\t\t\t<div class=\"elementor-widget-container\">\n\t\t\t\t\t\t\t\t\t\t\t\t\t\t\t<img decoding=\"async\" width=\"671\" height=\"1024\" src=\"https:\/\/aniradar.com\/wp-content\/uploads\/2024\/07\/Bull-roarer-671x1024.jpg\" class=\"attachment-large size-large wp-image-4420\" alt=\"\" srcset=\"https:\/\/aniradar.com\/wp-content\/uploads\/2024\/07\/Bull-roarer-671x1024.jpg 671w, https:\/\/aniradar.com\/wp-content\/uploads\/2024\/07\/Bull-roarer-197x300.jpg 197w, https:\/\/aniradar.com\/wp-content\/uploads\/2024\/07\/Bull-roarer-768x1172.jpg 768w, https:\/\/aniradar.com\/wp-content\/uploads\/2024\/07\/Bull-roarer.jpg 820w\" sizes=\"(max-width: 671px) 100vw, 671px\" \/>\t\t\t\t\t\t\t\t\t\t\t\t\t\t\t<\/div>\n\t\t\t\t<\/div>\n\t\t\t\t<div class=\"elementor-element elementor-element-97393a7 elementor-widget elementor-widget-text-editor\" data-id=\"97393a7\" data-element_type=\"widget\" data-e-type=\"widget\" data-widget_type=\"text-editor.default\">\n\t\t\t\t<div class=\"elementor-widget-container\">\n\t\t\t\t\t\t\t\t\t<p>Published by: LUD \u0160erpa<\/p><p>Editing: Ana Pepelnik for \u0160erpa<\/p><p>Design &amp; layout: Jona Delav<\/p><p>Cover design: Vasja Cen\u010di\u010d<\/p><p>Proof-reading: Meta Pristovnik<\/p><p>Print: Tiskarna Cicero<\/p><p>Ljubljana, 2013<\/p><p>Co-financed by: The Municipality of Grosuplje<\/p><p>\u00a0\u00a0\u00a0\u00a0\u00a0\u00a0\u00a0\u00a0 ***<\/p><p>Nominated for <a href=\"https:\/\/www.culture.si\/en\/Jenko_Award\">Jenko Award<\/a> 2014<\/p><p>by the <a href=\"https:\/\/www.culture.si\/en\/Slovene_Writers%E2%80%99_Association\">Slovene Writers&#8217; Association<\/a><\/p>\t\t\t\t\t\t\t\t<\/div>\n\t\t\t\t<\/div>\n\t\t\t\t\t<\/div>\n\t\t<\/div>\n\t\t\t\t<div class=\"elementor-column elementor-col-33 elementor-top-column elementor-element elementor-element-4bc0e60\" data-id=\"4bc0e60\" data-element_type=\"column\" data-e-type=\"column\" data-settings=\"{&quot;background_background&quot;:&quot;classic&quot;}\">\n\t\t\t<div class=\"elementor-widget-wrap elementor-element-populated\">\n\t\t\t\t\t\t<div class=\"elementor-element elementor-element-f382bd1 elementor-widget elementor-widget-text-editor\" data-id=\"f382bd1\" data-element_type=\"widget\" data-e-type=\"widget\" data-widget_type=\"text-editor.default\">\n\t\t\t\t<div class=\"elementor-widget-container\">\n\t\t\t\t\t\t\t\t\t<p>SKALPEL ZA<\/p><p>SANJSKO MEMBRANO<\/p><div>\u00a0<\/div>\t\t\t\t\t\t\t\t<\/div>\n\t\t\t\t<\/div>\n\t\t\t\t<div class=\"elementor-element elementor-element-ad7aa8b elementor-widget elementor-widget-image\" data-id=\"ad7aa8b\" data-element_type=\"widget\" data-e-type=\"widget\" data-widget_type=\"image.default\">\n\t\t\t\t<div class=\"elementor-widget-container\">\n\t\t\t\t\t\t\t\t\t\t\t\t\t\t\t<img loading=\"lazy\" decoding=\"async\" width=\"690\" height=\"1024\" src=\"https:\/\/aniradar.com\/wp-content\/uploads\/2024\/07\/skalpel-2-690x1024.jpg\" class=\"attachment-large size-large wp-image-4443\" alt=\"\" srcset=\"https:\/\/aniradar.com\/wp-content\/uploads\/2024\/07\/skalpel-2-690x1024.jpg 690w, https:\/\/aniradar.com\/wp-content\/uploads\/2024\/07\/skalpel-2-202x300.jpg 202w, https:\/\/aniradar.com\/wp-content\/uploads\/2024\/07\/skalpel-2-768x1140.jpg 768w, https:\/\/aniradar.com\/wp-content\/uploads\/2024\/07\/skalpel-2.jpg 832w\" sizes=\"(max-width: 690px) 100vw, 690px\" \/>\t\t\t\t\t\t\t\t\t\t\t\t\t\t\t<\/div>\n\t\t\t\t<\/div>\n\t\t\t\t<div class=\"elementor-element elementor-element-1e98254 elementor-widget elementor-widget-text-editor\" data-id=\"1e98254\" data-element_type=\"widget\" data-e-type=\"widget\" data-widget_type=\"text-editor.default\">\n\t\t\t\t<div class=\"elementor-widget-container\">\n\t\t\t\t\t\t\t\t\t<p>Published by: Self-published<\/p><p>Prologue \/ essay: Radharani Pernar\u010di\u010d<\/p><p>Design &amp; layout: Radharani Pernar\u010di\u010d<\/p><p>Design advising: Sanja Simi\u0107<\/p><p><a href=\"https:\/\/aniradar.com\/index.php\/visual-works\/drawing-graphics\/\">Graphics<\/a>: Radharani Pernar\u010di\u010d<\/p><p>Print: Tiskarna Grafos<\/p><p>Ljubljana, 2022<\/p><p>\u00a0\u00a0\u00a0\u00a0\u00a0\u00a0\u00a0\u00a0\u00a0\u00a0\u00a0\u00a0\u00a0\u00a0 ***<\/p><p>Awarded as <a href=\"https:\/\/www.jskd.si\/literatura\/natecaji_literatura\/samozalozba\/samozalozba_22.htm\">The best self-published book 2022<\/a><\/p><p>by Republic of Slovenia Public Fund for Cultural<\/p><p>Activities (JSKD, 2023)<\/p>\t\t\t\t\t\t\t\t<\/div>\n\t\t\t\t<\/div>\n\t\t\t\t\t<\/div>\n\t\t<\/div>\n\t\t\t\t\t<\/div>\n\t\t<\/section>\n\t\t\t\t<\/div>\n\t\t","protected":false},"excerpt":{"rendered":"<p>BOOKS \u00a0 VESOLJE \u017dALUJKO, VETER \u017dALUZIJE Published by: KUD France Pre\u0161eren Trnovo \/ Mi pojemo v pu\u0161\u010davi knjiga 24 Editing: Goran Jankovi\u0107 Prologue: Ivan Dobnik Layout: Ana Delo, Biro Stara Ljubljana, d. o. o. Corrections: Branka Majeri\u010d Print: Tiskarna Medium, \u017dirovnica Ljubljana, 2008 Supported by: The Ministry of culture of the Republic of Slovenia &amp; [&hellip;]<\/p>\n","protected":false},"author":1,"featured_media":0,"parent":0,"menu_order":0,"comment_status":"closed","ping_status":"closed","template":"","meta":{"footnotes":""},"class_list":["post-5608","page","type-page","status-publish","hentry"],"_links":{"self":[{"href":"https:\/\/aniradar.com\/index.php\/wp-json\/wp\/v2\/pages\/5608","targetHints":{"allow":["GET"]}}],"collection":[{"href":"https:\/\/aniradar.com\/index.php\/wp-json\/wp\/v2\/pages"}],"about":[{"href":"https:\/\/aniradar.com\/index.php\/wp-json\/wp\/v2\/types\/page"}],"author":[{"embeddable":true,"href":"https:\/\/aniradar.com\/index.php\/wp-json\/wp\/v2\/users\/1"}],"replies":[{"embeddable":true,"href":"https:\/\/aniradar.com\/index.php\/wp-json\/wp\/v2\/comments?post=5608"}],"version-history":[{"count":12,"href":"https:\/\/aniradar.com\/index.php\/wp-json\/wp\/v2\/pages\/5608\/revisions"}],"predecessor-version":[{"id":6429,"href":"https:\/\/aniradar.com\/index.php\/wp-json\/wp\/v2\/pages\/5608\/revisions\/6429"}],"wp:attachment":[{"href":"https:\/\/aniradar.com\/index.php\/wp-json\/wp\/v2\/media?parent=5608"}],"curies":[{"name":"wp","href":"https:\/\/api.w.org\/{rel}","templated":true}]}}