{"id":2462,"date":"2024-04-07T08:43:13","date_gmt":"2024-04-07T08:43:13","guid":{"rendered":"https:\/\/aniradar.com\/?page_id=2462"},"modified":"2026-02-04T18:09:05","modified_gmt":"2026-02-04T18:09:05","slug":"about-me","status":"publish","type":"page","link":"https:\/\/aniradar.com\/index.php\/about-me\/","title":{"rendered":"About me"},"content":{"rendered":"\t\t<div data-elementor-type=\"wp-page\" data-elementor-id=\"2462\" class=\"elementor elementor-2462\" data-elementor-post-type=\"page\">\n\t\t\t\t\t\t<section class=\"elementor-section elementor-top-section elementor-element elementor-element-072d934 elementor-section-boxed elementor-section-height-default elementor-section-height-default\" data-id=\"072d934\" data-element_type=\"section\" data-e-type=\"section\">\n\t\t\t\t\t\t<div class=\"elementor-container elementor-column-gap-default\">\n\t\t\t\t\t<div class=\"elementor-column elementor-col-50 elementor-top-column elementor-element elementor-element-6b533b9\" data-id=\"6b533b9\" data-element_type=\"column\" data-e-type=\"column\" data-settings=\"{&quot;background_background&quot;:&quot;classic&quot;}\">\n\t\t\t<div class=\"elementor-widget-wrap elementor-element-populated\">\n\t\t\t\t\t\t<div class=\"elementor-element elementor-element-83651b0 elementor-widget__width-initial elementor-widget elementor-widget-text-editor\" data-id=\"83651b0\" data-element_type=\"widget\" data-e-type=\"widget\" data-widget_type=\"text-editor.default\">\n\t\t\t\t<div class=\"elementor-widget-container\">\n\t\t\t\t\t\t\t\t\t<p>My name is Radharani Pernar\u010di\u010d, I am a\u00a0 freelance artist from Slovenia, who interlaces the fields of performance, literature and visual arts. I graduated from cultural anthropology (Faculty of Arts, Ljubljana, Slovenia, 2005) and contemporary dance and choreography (SNDO, AHK, Amsterdam, The Netherlands, 2007). Since then I have been moving between different media and continuously explored\u00a0 hybrid formats (installations, performances, interventions, exhibitions, books etc) which I merge under the joint production-artistic name\u00a0 <em>AniRadar<\/em>.<\/p><p>My entire work is based on a long-standing engagement with somatic practices, sensorial work, improvisation and exploration of the role of humor in tackling socially critical themes. My artistic language and aesthetics\u00a0 move in a wide range, from subtle, detailed, poetic and fine-tuned, to raw, intense and critically direct expression. I am interested in creating space for the emergent, thus, as a method, I often build conditions (tasks and imaginary) which challenge the implicit taken-for-granted perceptions and evoke different experience(s). By and large, my entire opus is imbued with humanistic focus and characterized by the question of how to awaken the spectators\u2019 sentient bodies: embodied awareness.<\/p><p>2013-2020 I was engaged in an artistic-research project <em>At the permanent address of our endevour <\/em>with DISCOllective (Gregor Kamnikar), in which we explored haptic\/kinesthetic sense and how to transform (public or intimate) spaces through playfulness \u2013 as the method and the objective. For this reason we developed numerous interactive scores and moved from classic formats of performances to performative installations. We often accompanied visual exhibition with movement, in collaboration with galleries, such as e.g. at the <a href=\"https:\/\/mgml.si\/en\/jakopic-gallery\/\">Jakopi\u010d Gallery<\/a>, the Simulaker Gallery, Slovenia, MSUM Novi Sad, Serbia, etc. I also collaborated with various visual artists. (e.g. Allesandro di Giampetro, Darko Dragi\u010devi\u0107, Mihaela Ciuha, Majda Gregori\u010d etc.). Between 2004-2007 I also worked intensely with the sculptor Eddy Ross on his exploration of two female figures in motion. Since 2015 I have also been a joint member of the art collective <a href=\"http:\/\/www.cirkulacija2.org\/?p=7595&amp;lang_pref=si\">Cirkulacija2<\/a>, Ljubljana)<\/p>\t\t\t\t\t\t\t\t<\/div>\n\t\t\t\t<\/div>\n\t\t\t\t\t<\/div>\n\t\t<\/div>\n\t\t\t\t<div class=\"elementor-column elementor-col-50 elementor-top-column elementor-element elementor-element-18affce\" data-id=\"18affce\" data-element_type=\"column\" data-e-type=\"column\" data-settings=\"{&quot;background_background&quot;:&quot;classic&quot;}\">\n\t\t\t<div class=\"elementor-widget-wrap elementor-element-populated\">\n\t\t\t\t\t\t<div class=\"elementor-element elementor-element-61c2a57 elementor-widget__width-initial elementor-widget elementor-widget-image\" data-id=\"61c2a57\" data-element_type=\"widget\" data-e-type=\"widget\" data-widget_type=\"image.default\">\n\t\t\t\t<div class=\"elementor-widget-container\">\n\t\t\t\t\t\t\t\t\t\t\t\t\t\t\t<img fetchpriority=\"high\" decoding=\"async\" width=\"712\" height=\"1024\" src=\"https:\/\/aniradar.com\/wp-content\/uploads\/2024\/11\/A_20241124_100045-712x1024.jpg\" class=\"attachment-large size-large wp-image-5085\" alt=\"\" srcset=\"https:\/\/aniradar.com\/wp-content\/uploads\/2024\/11\/A_20241124_100045-712x1024.jpg 712w, https:\/\/aniradar.com\/wp-content\/uploads\/2024\/11\/A_20241124_100045-209x300.jpg 209w, https:\/\/aniradar.com\/wp-content\/uploads\/2024\/11\/A_20241124_100045-768x1104.jpg 768w, https:\/\/aniradar.com\/wp-content\/uploads\/2024\/11\/A_20241124_100045-1069x1536.jpg 1069w, https:\/\/aniradar.com\/wp-content\/uploads\/2024\/11\/A_20241124_100045-1425x2048.jpg 1425w, https:\/\/aniradar.com\/wp-content\/uploads\/2024\/11\/A_20241124_100045-scaled.jpg 1781w\" sizes=\"(max-width: 712px) 100vw, 712px\" \/>\t\t\t\t\t\t\t\t\t\t\t\t\t\t\t<\/div>\n\t\t\t\t<\/div>\n\t\t\t\t\t<\/div>\n\t\t<\/div>\n\t\t\t\t\t<\/div>\n\t\t<\/section>\n\t\t\t\t<section class=\"elementor-section elementor-top-section elementor-element elementor-element-22503d8 elementor-section-boxed elementor-section-height-default elementor-section-height-default\" data-id=\"22503d8\" data-element_type=\"section\" data-e-type=\"section\">\n\t\t\t\t\t\t<div class=\"elementor-container elementor-column-gap-default\">\n\t\t\t\t\t<div class=\"elementor-column elementor-col-100 elementor-top-column elementor-element elementor-element-f503c32\" data-id=\"f503c32\" data-element_type=\"column\" data-e-type=\"column\">\n\t\t\t<div class=\"elementor-widget-wrap elementor-element-populated\">\n\t\t\t\t\t\t<div class=\"elementor-element elementor-element-f1204ea elementor-widget__width-initial elementor-widget elementor-widget-text-editor\" data-id=\"f1204ea\" data-element_type=\"widget\" data-e-type=\"widget\" data-widget_type=\"text-editor.default\">\n\t\t\t\t<div class=\"elementor-widget-container\">\n\t\t\t\t\t\t\t\t\t<p>During 2009\u20132012, as a researcher at the anthropology department (University of Ljubljana, Slovenia), I conducted a series of anthropological-somatic workshops in collaboration with universities across Europe. In 2012 I founded <em>SENSE<\/em><em>nce<\/em><em>PICNIC<\/em> (an independent platform for the practical exploration of kinesthetic intelligence, cognition, senses and perception) and until 2020 taught regular classes of somatic practice within that frame. This work focus later brought me into communication with the Finnish writer and architect <a href=\"https:\/\/en.wikipedia.org\/wiki\/Juhani_Pallasmaa\">Juhani Pallasmaa<\/a>.<\/p><p>In the field of literature, I write poetry, essays and dance critiques. I have published three books of poetry (the 2<sup>nd<\/sup>, <em>Bull-roarer<\/em>, was nominated for Jenko\u2019s award, the 3<sup>rd<\/sup>, <em>Skalpel za sanjsko membrano<\/em>, was awarded as The best self-published book 2022). Often my poetry was published in Slovenian and international literary magazines and anthologies, and has been translated into many languages (English, Polish, Czech, Catalan, Hebrew, Bulgarian, etc.). My poems have also been set to music by Fake Orchestra and Andra\u017e Poli\u010d, while in 2014 with Mario Babojeli\u0107 we formed a band <em>Icy Noctiluca<\/em> in which we explored the potentials of poetic-musical creation.<\/p><p>I am currently engaged in two simultaneous long-term projects, <em>The Fancyclopedia of Castro Fik Arka<\/em> and <em>Pavilion of embraces<\/em>, of which one is more humorous and conceptual, and the other more poetic and socially oriented.<\/p>\t\t\t\t\t\t\t\t<\/div>\n\t\t\t\t<\/div>\n\t\t\t\t\t<\/div>\n\t\t<\/div>\n\t\t\t\t\t<\/div>\n\t\t<\/section>\n\t\t\t\t<section class=\"elementor-section elementor-top-section elementor-element elementor-element-935f128 elementor-section-boxed elementor-section-height-default elementor-section-height-default\" data-id=\"935f128\" data-element_type=\"section\" data-e-type=\"section\">\n\t\t\t\t\t\t<div class=\"elementor-container elementor-column-gap-default\">\n\t\t\t\t\t<div class=\"elementor-column elementor-col-100 elementor-top-column elementor-element elementor-element-9b5fed8\" data-id=\"9b5fed8\" data-element_type=\"column\" data-e-type=\"column\" data-settings=\"{&quot;background_background&quot;:&quot;classic&quot;}\">\n\t\t\t<div class=\"elementor-widget-wrap elementor-element-populated\">\n\t\t\t\t\t\t<div class=\"elementor-element elementor-element-9a1945d elementor-widget elementor-widget-text-editor\" data-id=\"9a1945d\" data-element_type=\"widget\" data-e-type=\"widget\" data-widget_type=\"text-editor.default\">\n\t\t\t\t<div class=\"elementor-widget-container\">\n\t\t\t\t\t\t\t\t\t<p>FROM MY STUDIO<\/p>\t\t\t\t\t\t\t\t<\/div>\n\t\t\t\t<\/div>\n\t\t\t\t\t<\/div>\n\t\t<\/div>\n\t\t\t\t\t<\/div>\n\t\t<\/section>\n\t\t\t\t<section class=\"elementor-section elementor-top-section elementor-element elementor-element-0b22dff elementor-section-boxed elementor-section-height-default elementor-section-height-default\" data-id=\"0b22dff\" data-element_type=\"section\" data-e-type=\"section\">\n\t\t\t\t\t\t<div class=\"elementor-container elementor-column-gap-default\">\n\t\t\t\t\t<div class=\"elementor-column elementor-col-50 elementor-top-column elementor-element elementor-element-b02ab1c\" data-id=\"b02ab1c\" data-element_type=\"column\" data-e-type=\"column\">\n\t\t\t<div class=\"elementor-widget-wrap elementor-element-populated\">\n\t\t\t\t\t\t<div class=\"elementor-element elementor-element-1edd848 elementor--h-position-center elementor--v-position-middle elementor-widget elementor-widget-slides\" data-id=\"1edd848\" data-element_type=\"widget\" data-e-type=\"widget\" data-settings=\"{&quot;autoplay_speed&quot;:8990,&quot;transition_speed&quot;:490,&quot;navigation&quot;:&quot;none&quot;,&quot;autoplay&quot;:&quot;yes&quot;,&quot;pause_on_hover&quot;:&quot;yes&quot;,&quot;pause_on_interaction&quot;:&quot;yes&quot;,&quot;infinite&quot;:&quot;yes&quot;,&quot;transition&quot;:&quot;slide&quot;}\" data-widget_type=\"slides.default\">\n\t\t\t\t<div class=\"elementor-widget-container\">\n\t\t\t\t\t\t\t\t\t<div class=\"elementor-swiper\">\n\t\t\t\t\t<div class=\"elementor-slides-wrapper elementor-main-swiper swiper\" role=\"region\" aria-roledescription=\"carousel\" aria-label=\"Slides\" dir=\"ltr\" data-animation=\"fadeInUp\">\n\t\t\t\t<div class=\"swiper-wrapper elementor-slides\">\n\t\t\t\t\t\t\t\t\t\t<div class=\"elementor-repeater-item-f381af0 swiper-slide\" role=\"group\" aria-roledescription=\"slide\"><div class=\"swiper-slide-bg\" role=\"img\" aria-label=\"1_Foto Sun\u010dan Stone\"><\/div><div class=\"swiper-slide-inner\" ><div class=\"swiper-slide-contents\"><\/div><\/div><\/div><div class=\"elementor-repeater-item-922c35a swiper-slide\" role=\"group\" aria-roledescription=\"slide\"><div class=\"swiper-slide-bg\" role=\"img\" aria-label=\"2_Foto Sun\u010dan Stone\"><\/div><div class=\"swiper-slide-inner\" ><div class=\"swiper-slide-contents\"><\/div><\/div><\/div><div class=\"elementor-repeater-item-b78962c swiper-slide\" role=\"group\" aria-roledescription=\"slide\"><div class=\"swiper-slide-bg\" role=\"img\" aria-label=\"3_Foto Sun\u010dan Stone\"><\/div><div class=\"swiper-slide-inner\" ><div class=\"swiper-slide-contents\"><\/div><\/div><\/div><div class=\"elementor-repeater-item-f2f4e19 swiper-slide\" role=\"group\" aria-roledescription=\"slide\"><div class=\"swiper-slide-bg\" role=\"img\" aria-label=\"DSC_4953.JPG\"><\/div><div class=\"swiper-slide-inner\" ><div class=\"swiper-slide-contents\"><\/div><\/div><\/div><div class=\"elementor-repeater-item-a6be3d9 swiper-slide\" role=\"group\" aria-roledescription=\"slide\"><div class=\"swiper-slide-bg\" role=\"img\" aria-label=\"7_Foto Mi\u0161a Gams\"><\/div><div class=\"swiper-slide-inner\" ><div class=\"swiper-slide-contents\"><\/div><\/div><\/div><div class=\"elementor-repeater-item-ea7fe25 swiper-slide\" role=\"group\" aria-roledescription=\"slide\"><div class=\"swiper-slide-bg\" role=\"img\" aria-label=\"130605-stoneballance\"><\/div><div class=\"swiper-slide-inner\" ><div class=\"swiper-slide-contents\"><\/div><\/div><\/div>\t\t\t\t<\/div>\n\t\t\t\t\t\t\t\t\t\t\t\t\t\t\t\t\t\t\t\t\t<\/div>\n\t\t\t\t<\/div>\n\t\t\t\t\t\t\t\t<\/div>\n\t\t\t\t<\/div>\n\t\t\t\t\t<\/div>\n\t\t<\/div>\n\t\t\t\t<div class=\"elementor-column elementor-col-50 elementor-top-column elementor-element elementor-element-f5bddad\" data-id=\"f5bddad\" data-element_type=\"column\" data-e-type=\"column\">\n\t\t\t<div class=\"elementor-widget-wrap elementor-element-populated\">\n\t\t\t\t\t\t<div class=\"elementor-element elementor-element-a5f381f elementor--h-position-center elementor--v-position-middle elementor-widget elementor-widget-slides\" data-id=\"a5f381f\" data-element_type=\"widget\" data-e-type=\"widget\" data-settings=\"{&quot;autoplay_speed&quot;:7500,&quot;navigation&quot;:&quot;none&quot;,&quot;autoplay&quot;:&quot;yes&quot;,&quot;pause_on_hover&quot;:&quot;yes&quot;,&quot;pause_on_interaction&quot;:&quot;yes&quot;,&quot;infinite&quot;:&quot;yes&quot;,&quot;transition&quot;:&quot;slide&quot;,&quot;transition_speed&quot;:500}\" data-widget_type=\"slides.default\">\n\t\t\t\t<div class=\"elementor-widget-container\">\n\t\t\t\t\t\t\t\t\t<div class=\"elementor-swiper\">\n\t\t\t\t\t<div class=\"elementor-slides-wrapper elementor-main-swiper swiper\" role=\"region\" aria-roledescription=\"carousel\" aria-label=\"Slides\" dir=\"ltr\" data-animation=\"fadeInLeft\">\n\t\t\t\t<div class=\"swiper-wrapper elementor-slides\">\n\t\t\t\t\t\t\t\t\t\t<div class=\"elementor-repeater-item-f04e332 swiper-slide\" role=\"group\" aria-roledescription=\"slide\"><div class=\"swiper-slide-bg\" role=\"img\" aria-label=\"z-20200524_203907\"><\/div><div class=\"swiper-slide-inner\" ><div class=\"swiper-slide-contents\"><\/div><\/div><\/div><div class=\"elementor-repeater-item-7c31c4e swiper-slide\" role=\"group\" aria-roledescription=\"slide\"><div class=\"swiper-slide-bg\" role=\"img\" aria-label=\"92000304_10222301898405739_4118894553354731520_n\"><\/div><div class=\"swiper-slide-inner\" ><div class=\"swiper-slide-contents\"><\/div><\/div><\/div><div class=\"elementor-repeater-item-d27c17d swiper-slide\" role=\"group\" aria-roledescription=\"slide\"><div class=\"swiper-slide-bg\" role=\"img\" aria-label=\"DSC_2734.JPG\"><\/div><div class=\"swiper-slide-inner\" ><div class=\"swiper-slide-contents\"><\/div><\/div><\/div><div class=\"elementor-repeater-item-413f737 swiper-slide\" role=\"group\" aria-roledescription=\"slide\"><div class=\"swiper-slide-bg\" role=\"img\" aria-label=\"DSC_2744\"><\/div><div class=\"swiper-slide-inner\" ><div class=\"swiper-slide-contents\"><\/div><\/div><\/div><div class=\"elementor-repeater-item-828ee24 swiper-slide\" role=\"group\" aria-roledescription=\"slide\"><div class=\"swiper-slide-bg\" role=\"img\" aria-label=\"22\"><\/div><div class=\"swiper-slide-inner\" ><div class=\"swiper-slide-contents\"><\/div><\/div><\/div><div class=\"elementor-repeater-item-c89b578 swiper-slide\" role=\"group\" aria-roledescription=\"slide\"><div class=\"swiper-slide-bg\" role=\"img\" aria-label=\"skupaj\"><\/div><div class=\"swiper-slide-inner\" ><div class=\"swiper-slide-contents\"><\/div><\/div><\/div>\t\t\t\t<\/div>\n\t\t\t\t\t\t\t\t\t\t\t\t\t\t\t\t\t\t\t\t\t<\/div>\n\t\t\t\t<\/div>\n\t\t\t\t\t\t\t\t<\/div>\n\t\t\t\t<\/div>\n\t\t\t\t\t<\/div>\n\t\t<\/div>\n\t\t\t\t\t<\/div>\n\t\t<\/section>\n\t\t\t\t<section class=\"elementor-section elementor-top-section elementor-element elementor-element-76a4a67 elementor-section-boxed elementor-section-height-default elementor-section-height-default\" data-id=\"76a4a67\" data-element_type=\"section\" data-e-type=\"section\">\n\t\t\t\t\t\t<div class=\"elementor-container elementor-column-gap-default\">\n\t\t\t\t\t<div class=\"elementor-column elementor-col-100 elementor-top-column elementor-element elementor-element-2f955a4\" data-id=\"2f955a4\" data-element_type=\"column\" data-e-type=\"column\">\n\t\t\t<div class=\"elementor-widget-wrap\">\n\t\t\t\t\t\t\t<\/div>\n\t\t<\/div>\n\t\t\t\t\t<\/div>\n\t\t<\/section>\n\t\t\t\t<\/div>\n\t\t","protected":false},"excerpt":{"rendered":"<p>My name is Radharani Pernar\u010di\u010d, I am a\u00a0 freelance artist from Slovenia, who interlaces the fields of performance, literature and visual arts. I graduated from cultural anthropology (Faculty of Arts, Ljubljana, Slovenia, 2005) and contemporary dance and choreography (SNDO, AHK, Amsterdam, The Netherlands, 2007). Since then I have been moving between different media and continuously [&hellip;]<\/p>\n","protected":false},"author":1,"featured_media":0,"parent":0,"menu_order":0,"comment_status":"closed","ping_status":"closed","template":"","meta":{"footnotes":""},"class_list":["post-2462","page","type-page","status-publish","hentry"],"_links":{"self":[{"href":"https:\/\/aniradar.com\/index.php\/wp-json\/wp\/v2\/pages\/2462","targetHints":{"allow":["GET"]}}],"collection":[{"href":"https:\/\/aniradar.com\/index.php\/wp-json\/wp\/v2\/pages"}],"about":[{"href":"https:\/\/aniradar.com\/index.php\/wp-json\/wp\/v2\/types\/page"}],"author":[{"embeddable":true,"href":"https:\/\/aniradar.com\/index.php\/wp-json\/wp\/v2\/users\/1"}],"replies":[{"embeddable":true,"href":"https:\/\/aniradar.com\/index.php\/wp-json\/wp\/v2\/comments?post=2462"}],"version-history":[{"count":361,"href":"https:\/\/aniradar.com\/index.php\/wp-json\/wp\/v2\/pages\/2462\/revisions"}],"predecessor-version":[{"id":8072,"href":"https:\/\/aniradar.com\/index.php\/wp-json\/wp\/v2\/pages\/2462\/revisions\/8072"}],"wp:attachment":[{"href":"https:\/\/aniradar.com\/index.php\/wp-json\/wp\/v2\/media?parent=2462"}],"curies":[{"name":"wp","href":"https:\/\/api.w.org\/{rel}","templated":true}]}}